{"id":99,"date":"2014-05-24T15:30:59","date_gmt":"2014-05-24T15:30:59","guid":{"rendered":"http:\/\/www.cjpmures.ro\/?page_id=99"},"modified":"2020-07-09T07:50:14","modified_gmt":"2020-07-09T07:50:14","slug":"lista-statiunilor","status":"publish","type":"page","link":"https:\/\/www.cjpmures.ro\/?page_id=99","title":{"rendered":"Lista sta\u021biunilor"},"content":{"rendered":"<h3><strong>Lista sta\u021biunilor<\/strong><\/h3>\n<hr \/>\n<ul>\n<li><strong><a href=\"http:\/\/www.tbrcm.ro\" target=\"_blank\" rel=\"noopener noreferrer\">Unit\u0103\u0163i de tratament balnear, proprietate a Casei Na\u0163ionale de Pensii Publice<\/a><\/strong><\/li>\n<\/ul>\n<ul>\n<li><strong>Lista sta\u0163iunilor pentru tratament balnear conform afec\u0163iunilor tratate:\u00a0<\/strong><\/li>\n<\/ul>\n<p><strong>I.CARDIOVASCULAR:<\/strong><\/p>\n<p>1. BUZIAS<\/p>\n<p>2. COVASNA<\/p>\n<p>3. TUSNAD<\/p>\n<p>4. VATRA DORNEI<\/p>\n<p><strong>II.DIGESTIV:<\/strong><\/p>\n<p>1. OLANESTI<\/p>\n<p>2. SANGEORZ BAI<\/p>\n<p>3. CALIMANESTI<\/p>\n<p><strong>III.CAI RESPIRATORII SI REUMATISMAL:<\/strong><\/p>\n<p>1.GOVORA<\/p>\n<p>2. SLANIC PRAHOVA<\/p>\n<p><strong>IV.DIGESTIV SI REUMATISMAL:<\/strong><\/p>\n<p>1. CACIULATA<\/p>\n<p><strong>V.REUMATISMAL SI GINECOLOGIC:<\/strong><\/p>\n<p>1. MANGALIA<\/p>\n<p>2. SATURN<\/p>\n<p>3. SOVATA<\/p>\n<p><strong>VI.NEVROZA SI REUMATISMAL:<\/strong><\/p>\n<p>1. MONEASA<\/p>\n<p><strong>VII.REUMATISM<\/strong>:<\/p>\n<p>1. 1 MAI<\/p>\n<p>2. AMARA<\/p>\n<p>3. BAZNA<\/p>\n<p>4. BIZUSA<\/p>\n<p>5. FELIX<\/p>\n<p>6. GEOAGIU<\/p>\n<p>7. HERCULANE<\/p>\n<p>8. LACU SARAT<\/p>\n<p>9. NEPTUN<\/p>\n<p>10. PUCIOASA<\/p>\n<p>11.\u00a0VATRA DORNEI<\/p>\n<ul>\n<li><strong>Date de contact unit\u0103\u0163i:<\/strong><\/li>\n<\/ul>\n<p><span style=\"font-size: inherit; line-height: 1.8;\">-Hotelurile BBB din Eforie Nord, hotelurile din Saturn\u00a0<\/span><span style=\"font-size: inherit; line-height: 1.8;\">si hotelul Raluca din Venus: 0241\/752.452<\/span><\/p>\n","protected":false},"excerpt":{"rendered":"<p>Lista sta\u021biunilor Unit\u0103\u0163i de tratament balnear, proprietate a Casei Na\u0163ionale de Pensii Publice Lista sta\u0163iunilor pentru tratament balnear conform afec\u0163iunilor tratate:\u00a0 I.CARDIOVASCULAR: 1. BUZIAS 2. COVASNA 3. TUSNAD 4. VATRA DORNEI II.DIGESTIV: 1. OLANESTI 2. SANGEORZ BAI 3. CALIMANESTI III.CAI &hellip; <a href=\"https:\/\/www.cjpmures.ro\/?page_id=99\">Continue reading <span class=\"meta-nav\">&rarr;<\/span><\/a><\/p>\n","protected":false},"author":1,"featured_media":0,"parent":0,"menu_order":0,"comment_status":"closed","ping_status":"closed","template":"showcase.php","meta":{"footnotes":""},"class_list":["post-99","page","type-page","status-publish","hentry"],"_links":{"self":[{"href":"https:\/\/www.cjpmures.ro\/index.php?rest_route=\/wp\/v2\/pages\/99","targetHints":{"allow":["GET"]}}],"collection":[{"href":"https:\/\/www.cjpmures.ro\/index.php?rest_route=\/wp\/v2\/pages"}],"about":[{"href":"https:\/\/www.cjpmures.ro\/index.php?rest_route=\/wp\/v2\/types\/page"}],"author":[{"embeddable":true,"href":"https:\/\/www.cjpmures.ro\/index.php?rest_route=\/wp\/v2\/users\/1"}],"replies":[{"embeddable":true,"href":"https:\/\/www.cjpmures.ro\/index.php?rest_route=%2Fwp%2Fv2%2Fcomments&post=99"}],"version-history":[{"count":13,"href":"https:\/\/www.cjpmures.ro\/index.php?rest_route=\/wp\/v2\/pages\/99\/revisions"}],"predecessor-version":[{"id":2095,"href":"https:\/\/www.cjpmures.ro\/index.php?rest_route=\/wp\/v2\/pages\/99\/revisions\/2095"}],"wp:attachment":[{"href":"https:\/\/www.cjpmures.ro\/index.php?rest_route=%2Fwp%2Fv2%2Fmedia&parent=99"}],"curies":[{"name":"wp","href":"https:\/\/api.w.org\/{rel}","templated":true}]}}