{"id":97,"date":"2014-05-24T15:30:43","date_gmt":"2014-05-24T15:30:43","guid":{"rendered":"http:\/\/www.cjpmures.ro\/?page_id=97"},"modified":"2025-03-06T12:41:25","modified_gmt":"2025-03-06T12:41:25","slug":"indrumari-completare-cerere","status":"publish","type":"page","link":"https:\/\/www.cjpmures.ro\/?page_id=97","title":{"rendered":"\u00cendrum\u0103ri completare cerere"},"content":{"rendered":"<h3><strong>\u00cendrum\u0103ri completare cerere<br \/>\n<\/strong><\/h3>\n<hr \/>\n<ul>\n<li><strong>DATA \u00ceNREGISTR\u0102RII CERERII <u>NU<\/u> MAI CONSTITUIE CRITERIU\u00a0<span style=\"line-height: 1.625;\">DE REPARTIZARE A BILETELOR DE TRATAMENT !<\/span><\/strong><\/li>\n<\/ul>\n<p><strong>CERERILE \u00a0\u015eI \u00a0ACTELE \u00a0AFERENTE SE POT TRANSMITE prin po\u015ft\u0103, fax, e-mail sau se pot depune direct la sediul C.J.P. Mure\u015f :<br \/>\n<\/strong>\u00a0 \u00a0 \u00a0 \u00a0 \u00a0&#8211;\u00a0<strong>adresa C.J.P. Mure\u015f: Tg. Mure\u015f, str. Tudor Vladimirescu nr. 60<br \/>\n<\/strong>\u00a0 \u00a0 \u00a0 \u00a0 \u00a0&#8211;\u00a0<strong>fax: 0265-262.018<br \/>\n<\/strong><strong>\u00a0 \u00a0 \u00a0 \u00a0 \u00a0<\/strong>&#8211;\u00a0<strong>e-mail: <a href=\"mailto:spa.mures@cnpp.ro\">spa.mures@cnpp.ro<\/a><\/strong><\/p>\n<hr \/>\n<p><strong>Cererile se depun cu cel pu\u0163in 30 de zile \u00eenainte de prima perioad\u0103 pentru care se solicit\u0103 biletul.<\/strong><\/p>\n<p>SE COMPLETEAZ\u0102 cu majuscule, <strong>numai pe formularul tipizat aprobat, <\/strong>care se poate procura gratuit de la sediul C.J.P. Mure\u015f sau de pe internet \u2013\u00a0<strong><a href=\"http:\/\/www.cnpp.ro\">www.cnpp.ro<\/a><\/strong>\u00a0sau <strong><a href=\"https:\/\/www.cjpmures.ro\/\">www.cjpmures.ro<\/a><\/strong><\/p>\n<p style=\"text-align: justify;\"><strong>MODUL DE COMPLETARE A CERERII:<\/strong><\/p>\n<ul style=\"color: #000000; font-style: normal; text-align: justify;\">\n<li><em>pentru a fi luat\u0103 \u00een considerare, cererea trebuie s\u0103 aib\u0103 completate toate c\u00e2mpurile (<\/em>fa\u0163\u0103-verso<em>)<\/em><em> \u015fi s\u0103 fie \u00eenso\u0163it\u0103 de documentele justificative solicitate;<\/em><\/li>\n<li>solicitantul poate opta pentru cel mult trei sta\u0163iuni;<\/li>\n<li>se va preciza o singur\u0103 perioad\u0103 solicitat\u0103, care poate cuprinde mai multe serii, din mai multe luni (de ex.: dac\u0103 se va completa pe cerere perioada 01.05.2025 \u2013 30.09.2025, cererea va fi luat\u0103 \u00een calcul la toate seriile de bilete din acea perioad\u0103, aplic\u00e2nd criteriile de repartizare la fiecare serie);<\/li>\n<li>cererea poate cuprinde \u015fi informa\u0163ii despre alte persoane, care au depus la r\u00e2ndul lor cereri \u015fi cu care titularul dore\u015fte s\u0103 mearg\u0103 \u00een aceea\u015fi sta\u0163iune \u015fi \u00een aceea\u015fi perioad\u0103<em>;<\/em><\/li>\n<li><strong>r\u0103spunderea pentru modul de completare \u015fi corectitudinea datelor din cerere revine \u00een totalitate solicitantului !<\/strong><\/li>\n<\/ul>\n<p style=\"text-align: justify;\">Unei persoane i se poate elibera <strong>un singur bilet de tratament balnear \u00een cursul unui an<\/strong> calendaristic;<\/p>\n<p style=\"text-align: justify;\"><strong>Refuzul nejustificat al unui bilet de tratament repartizat determin\u0103 pierderea dreptului la un alt bilet <\/strong>\u00een cursul anului calendaristic respectiv !<\/p>\n<p><strong>REGULA GENERAL\u0102: pentru fiecare categorie de beneficiar \u015fi pentru fiecare criteriu specific se stabile\u015fte prin programul informatic UN PUNCTAJ.<\/strong><\/p>\n<p><strong>Repartizarea biletelor \u00een fiecare serie se va face \u00ceN ORDINEA DESCRESC\u0102TOARE A PUNCTAJELOR aferente fiec\u0103rei cereri.<\/strong><\/p>\n<p style=\"text-align: justify;\">\n","protected":false},"excerpt":{"rendered":"<p>\u00cendrum\u0103ri completare cerere DATA \u00ceNREGISTR\u0102RII CERERII NU MAI CONSTITUIE CRITERIU\u00a0DE REPARTIZARE A BILETELOR DE TRATAMENT ! CERERILE \u00a0\u015eI \u00a0ACTELE \u00a0AFERENTE SE POT TRANSMITE prin po\u015ft\u0103, fax, e-mail sau se pot depune direct la sediul C.J.P. Mure\u015f : \u00a0 \u00a0 \u00a0 &hellip; <a href=\"https:\/\/www.cjpmures.ro\/?page_id=97\">Continue reading <span class=\"meta-nav\">&rarr;<\/span><\/a><\/p>\n","protected":false},"author":1,"featured_media":0,"parent":0,"menu_order":0,"comment_status":"closed","ping_status":"closed","template":"showcase.php","meta":{"footnotes":""},"class_list":["post-97","page","type-page","status-publish","hentry"],"_links":{"self":[{"href":"https:\/\/www.cjpmures.ro\/index.php?rest_route=\/wp\/v2\/pages\/97","targetHints":{"allow":["GET"]}}],"collection":[{"href":"https:\/\/www.cjpmures.ro\/index.php?rest_route=\/wp\/v2\/pages"}],"about":[{"href":"https:\/\/www.cjpmures.ro\/index.php?rest_route=\/wp\/v2\/types\/page"}],"author":[{"embeddable":true,"href":"https:\/\/www.cjpmures.ro\/index.php?rest_route=\/wp\/v2\/users\/1"}],"replies":[{"embeddable":true,"href":"https:\/\/www.cjpmures.ro\/index.php?rest_route=%2Fwp%2Fv2%2Fcomments&post=97"}],"version-history":[{"count":32,"href":"https:\/\/www.cjpmures.ro\/index.php?rest_route=\/wp\/v2\/pages\/97\/revisions"}],"predecessor-version":[{"id":4313,"href":"https:\/\/www.cjpmures.ro\/index.php?rest_route=\/wp\/v2\/pages\/97\/revisions\/4313"}],"wp:attachment":[{"href":"https:\/\/www.cjpmures.ro\/index.php?rest_route=%2Fwp%2Fv2%2Fmedia&parent=97"}],"curies":[{"name":"wp","href":"https:\/\/api.w.org\/{rel}","templated":true}]}}