{"id":91,"date":"2014-05-24T15:30:02","date_gmt":"2014-05-24T15:30:02","guid":{"rendered":"http:\/\/www.cjpmures.ro\/?page_id=91"},"modified":"2014-05-26T16:45:09","modified_gmt":"2014-05-26T16:45:09","slug":"bilete-tratament","status":"publish","type":"page","link":"https:\/\/www.cjpmures.ro\/?page_id=91","title":{"rendered":"Bilete tratament"},"content":{"rendered":"<h3 style=\"color: #656551;\"><strong>Bilete TRATAMENT<\/strong><\/h3>\n<hr \/>\n<p style=\"text-align: justify;\">\u00cen sistemul public de pensii, asigura\u0163ii, pensionarii \u015fi persoanele beneficiare ale unor legi speciale pot beneficia \u015fi de alte drepturi de asigur\u0103ri sociale, \u00een baza prevederilor Legii nr. 263\/2010 privind sistemul unitar de pensii publice, respectiv de <strong>tratament balnear<\/strong> .<\/p>\n<p style=\"text-align: justify;\">Acordarea presta\u0163iilor privind tratamentul balnear se face prin atribuirea de <strong>bilete de tratament<\/strong>\u00a0 c\u0103tre solicitan\u0163ii \u00eendrept\u0103\u0163i\u0163i, \u00een limita num\u0103rului de locuri repartizate fiec\u0103rui jude\u0163 de Casa Na\u0163ional\u0103 de Pensii Publice, precum \u015fi \u00een func\u0163ie de sumele alocate anual pentru acest tip de presta\u0163ii, prin Legea bugetului asigur\u0103rilor sociale de stat.<\/p>\n<ul style=\"text-align: justify;\">\n<li>Regulile generale de solicitare \u015fi de repartizare a biletelor de tratament alocate la nivelul jude\u0163ului Mure\u015f sunt prev\u0103zute \u00een submeniul:\u00a0<strong>\u201eCriterii de alocare bilete\u201d<\/strong><\/li>\n<\/ul>\n<ul style=\"text-align: justify;\">\n<li>Lista sta\u0163iunilor pentru care sunt repartizate bilete de tratament \u015fi afec\u0163iunile medicale care se trateaz\u0103 este prezentat\u0103 \u00een submeniul:\u00a0<strong>\u201eLista sta\u0163iunilor pentru tratament balnear\u201d,<\/strong><\/li>\n<\/ul>\n<p style=\"text-align: justify;\">iar dac\u0103 dori\u0163i s\u0103 vizualiza\u0163i imagini din c\u00e2teva sta\u0163iunil \u015fi hoteluri \u2013 \u00eendeosebi cele apar\u0163in\u00e2nd Societ\u0103\u0163ii de Tratament Balnear \u015fi Recuperare a Capacit\u0103\u0163ii de Munc\u0103 Bucure\u015fti (al c\u0103rui ac\u0163ionar unic este Casa Na\u0163ional\u0103 de Pensii Publice), le pute\u0163i accesa \u00een submeniul:\u00a0<strong>\u201eDocumentare sta\u0163iuni\u201d<\/strong><\/p>\n<ul style=\"text-align: justify;\">\n<li>Biletele de tratament balnear se acord\u0103 \u00een baza unei <strong><em>cereri tipizate<\/em><\/strong>, pe care o g\u0103si\u0163i \u00een submeniul:\u00a0<strong>\u201eModel cerere acordare bilet\u201d<\/strong><\/li>\n<\/ul>\n<p style=\"text-align: justify;\">\u015fi pe care o ve\u0163i completa conform \u00eendrum\u0103rilor prezentate \u00een submeniul:\u00a0<strong>\u201e\u00cendrum\u0103ri de completare cerere\u201d.<\/strong><\/p>\n<ul style=\"text-align: justify;\">\n<li>Pentru fiecare serie de bilete de tratament, <strong><em>lista beneficiarilor<\/em><\/strong> \u015fi <strong><em>termenele de prezentare<\/em><\/strong> pentru ridicarea biletelor, precum \u015fi termenele stabilite pentru <strong><em>redistribuirea biletelor<\/em><\/strong> r\u0103mase ori <strong><em>lista biletelor disponibile<\/em><\/strong> sunt prezentate \u00een submeniul:\u00a0<strong>\u201eReparti\u0163ii bilete\u201d.<\/strong><\/li>\n<\/ul>\n","protected":false},"excerpt":{"rendered":"<p>Bilete TRATAMENT \u00cen sistemul public de pensii, asigura\u0163ii, pensionarii \u015fi persoanele beneficiare ale unor legi speciale pot beneficia \u015fi de alte drepturi de asigur\u0103ri sociale, \u00een baza prevederilor Legii nr. 263\/2010 privind sistemul unitar de pensii publice, respectiv de tratament &hellip; <a href=\"https:\/\/www.cjpmures.ro\/?page_id=91\">Continue reading <span class=\"meta-nav\">&rarr;<\/span><\/a><\/p>\n","protected":false},"author":1,"featured_media":0,"parent":0,"menu_order":0,"comment_status":"closed","ping_status":"closed","template":"showcase.php","meta":{"footnotes":""},"class_list":["post-91","page","type-page","status-publish","hentry"],"_links":{"self":[{"href":"https:\/\/www.cjpmures.ro\/index.php?rest_route=\/wp\/v2\/pages\/91","targetHints":{"allow":["GET"]}}],"collection":[{"href":"https:\/\/www.cjpmures.ro\/index.php?rest_route=\/wp\/v2\/pages"}],"about":[{"href":"https:\/\/www.cjpmures.ro\/index.php?rest_route=\/wp\/v2\/types\/page"}],"author":[{"embeddable":true,"href":"https:\/\/www.cjpmures.ro\/index.php?rest_route=\/wp\/v2\/users\/1"}],"replies":[{"embeddable":true,"href":"https:\/\/www.cjpmures.ro\/index.php?rest_route=%2Fwp%2Fv2%2Fcomments&post=91"}],"version-history":[{"count":8,"href":"https:\/\/www.cjpmures.ro\/index.php?rest_route=\/wp\/v2\/pages\/91\/revisions"}],"predecessor-version":[{"id":2031,"href":"https:\/\/www.cjpmures.ro\/index.php?rest_route=\/wp\/v2\/pages\/91\/revisions\/2031"}],"wp:attachment":[{"href":"https:\/\/www.cjpmures.ro\/index.php?rest_route=%2Fwp%2Fv2%2Fmedia&parent=91"}],"curies":[{"name":"wp","href":"https:\/\/api.w.org\/{rel}","templated":true}]}}