{"id":89,"date":"2014-05-24T15:29:34","date_gmt":"2014-05-24T15:29:34","guid":{"rendered":"http:\/\/www.cjpmures.ro\/?page_id=89"},"modified":"2019-09-06T07:15:01","modified_gmt":"2019-09-06T07:15:01","slug":"executare-silita","status":"publish","type":"page","link":"https:\/\/www.cjpmures.ro\/?page_id=89","title":{"rendered":"Executare silit\u0103"},"content":{"rendered":"<h3><strong>PAGIN\u0102 \u00ceN CONSTRUC\u0162IE<\/strong><\/h3>\n<hr \/>\n","protected":false},"excerpt":{"rendered":"<p>PAGIN\u0102 \u00ceN CONSTRUC\u0162IE<\/p>\n","protected":false},"author":1,"featured_media":0,"parent":0,"menu_order":0,"comment_status":"closed","ping_status":"closed","template":"showcase.php","meta":{"footnotes":""},"class_list":["post-89","page","type-page","status-publish","hentry"],"_links":{"self":[{"href":"https:\/\/www.cjpmures.ro\/index.php?rest_route=\/wp\/v2\/pages\/89","targetHints":{"allow":["GET"]}}],"collection":[{"href":"https:\/\/www.cjpmures.ro\/index.php?rest_route=\/wp\/v2\/pages"}],"about":[{"href":"https:\/\/www.cjpmures.ro\/index.php?rest_route=\/wp\/v2\/types\/page"}],"author":[{"embeddable":true,"href":"https:\/\/www.cjpmures.ro\/index.php?rest_route=\/wp\/v2\/users\/1"}],"replies":[{"embeddable":true,"href":"https:\/\/www.cjpmures.ro\/index.php?rest_route=%2Fwp%2Fv2%2Fcomments&post=89"}],"version-history":[{"count":19,"href":"https:\/\/www.cjpmures.ro\/index.php?rest_route=\/wp\/v2\/pages\/89\/revisions"}],"predecessor-version":[{"id":1646,"href":"https:\/\/www.cjpmures.ro\/index.php?rest_route=\/wp\/v2\/pages\/89\/revisions\/1646"}],"wp:attachment":[{"href":"https:\/\/www.cjpmures.ro\/index.php?rest_route=%2Fwp%2Fv2%2Fmedia&parent=89"}],"curies":[{"name":"wp","href":"https:\/\/api.w.org\/{rel}","templated":true}]}}