{"id":85,"date":"2014-05-24T15:29:07","date_gmt":"2014-05-24T15:29:07","guid":{"rendered":"http:\/\/www.cjpmures.ro\/?page_id=85"},"modified":"2014-06-25T09:33:34","modified_gmt":"2014-06-25T09:33:34","slug":"detasamente-de-munca","status":"publish","type":"page","link":"https:\/\/www.cjpmures.ro\/?page_id=85","title":{"rendered":"Deta\u0219amente de munc\u0103"},"content":{"rendered":"<h3><strong>Deta\u0219amente de munc\u0103<\/strong><\/h3>\n<hr \/>\n<p><strong>REFUGIATI, DETASAMENTE DE MUNCA<\/strong><\/p>\n<p style=\"text-align: justify;\"><strong>Cine beneficiaza de prevederile Legii 189\/2000?<\/strong><\/p>\n<p style=\"text-align: justify;\">Beneficiaz\u0103 de prevederile Legii 189\/2000 persoana, cet\u0103tean rom\u00e2n, care \u00een perioada regimurilor instaurate cu \u00eencepere de la 6 septembrie 1940 pana la 6 martie 1945 a avut de suferit persecutii din motive etnice, dup\u0103 cum urmeaz\u0103:<\/p>\n<p style=\"text-align: justify;\">\u25cf a fost deportata \u00een ghetouri si lagare de concentrare din str\u0103in\u0103tate;<br \/>\n\u25cfa fost privata de libertate \u00een locuri de detentie sau \u00een lagare de concentrare;<br \/>\n\u25cfa fost stramutata (SAU REFUGIAT\u0102) \u00een alta localitate dec\u00e2t cea de domiciliu;<br \/>\n\u25cfa f\u0103cut parte din detasamentele de munca fortat\u0103;<br \/>\n\u25cfa fost supravietuitoare a trenului mortii;<br \/>\n\u25cfeste sotul sau sotia persoanei asasinate sau executate din motive etnice, daca ulterior nu s-a recasatorit.<br \/>\n\u25cfActe necesare in vederea stabilirii calitatii de REFUGIAT<\/p>\n<p style=\"text-align: justify;\"><strong>Acte din care s\u0103 rezulte calitatea de refugiat:<\/strong><\/p>\n<p style=\"text-align: justify;\">\u25cfLegitimatia de refugiat (personala sau a parintilor);<br \/>\n\u25cfAdeverinta eliberata de catre Arhivele Nationale;<br \/>\n\u25cfActe eliberate de Primarii;<br \/>\n\u25cforice alte acte, dovezi sau certificate, eliberate de c\u0103tre autorit\u0103tile militare sau civile rom\u00e2nesti<\/p>\n<p style=\"text-align: justify;\">\u00cen lipsa documentelor mentionate dovada persecutiei etnice se poate face prin DECLARATIE DE MARTORI. Martorii trebuie s\u0103 dovedeasc\u0103 la r\u00e2ndul lor c\u0103 s-au aflat \u00een aceiasi situatie cu solicitantul.<\/p>\n<p style=\"text-align: justify;\"><strong>Acte personale ale solicitantului (prezentate \u00een copie si original):<\/strong><\/p>\n<p style=\"text-align: justify;\">\u25cf certificat de nastere;<br \/>\n\u25cfcertificat de c\u0103s\u0103torie(dup\u0103 caz);<br \/>\n\u25cfbuletin de identitate;<br \/>\n\u25cfcupon de pensie.<\/p>\n<p style=\"text-align: justify;\">Actele mentionate mai sus se vor depune \u00eensotite de o cerere scris\u0103 si un dosar la Casa Judetean\u0103 de Pensii Mures, Tg. Mures, str. T. Vladimirescu nr.60. tel 311021, \u00een zilele de miercuri \u00eentre orele 9,30 &#8211; 10,30<\/p>\n<p style=\"text-align: justify;\"><strong>\u00a0De ce drepturi beneficiaza cei cu Legea nr. 189\/2000?<\/strong><\/p>\n<p style=\"text-align: justify;\">\u25cf asistenta medicala si medicamente, \u00een mod gratuit sii prioritar, at\u00e2t \u00een tratament ambulatoriu, cat si pe timpul spitalizarilor;<br \/>\n\u25cftransport urban gratuit cu mijloace de transport \u00een comun apartin\u00eend unit\u0103\u00e9ilor cu capital de stat (autobuz, troleibuz, tramvai, metrou);<br \/>\n\u25cf6 c\u0103l\u0103torii dus-\u00eentors gratuite, anual, pe calea ferat\u0103 romana, cu clasa I;<br \/>\n\u25cf6 calatorii dus-\u00eentors gratuite, anual, cu mijloacele de transport auto sau, dupa caz, cu mijloace fluviale de la localitatea de domiciliu la resedinta de jude\u00e9, pentru persoanele care nu au posibilitatea sa calatoreasca pe calea ferat\u0103;<br \/>\n\u25cfun bilet pe an, gratuit, pentru tratament \u00eentr-o sta\u00e9iune balneoclimaterica;<br \/>\n\u25cfscutire de plata taxelor de abonament pentru radio si televizor;<br \/>\n\u25cfprioritate la instalarea unui post telefonic, precum si scutire de plata taxei de abonament;<br \/>\n\u25cfacordarea, la cerere, cu titlu gratuit, a unui loc de veci.<\/p>\n<p style=\"text-align: justify;\">(1) Persoanele care s-au aflat \u00een situatiile prev\u0103zute la art. 1 lit. a), b) si c) au dreptul la o indemnizatie lunar\u0103 de 100 lei pentru fiecare an de detentie, de deportare sau de str\u0103mutare(refugiere) \u00een alte localitati.<br \/>\n(2) Persoanele care s-au aflat \u00een situatiile prevazute la art. 1 lit. d) si e) au dreptul la o indemnizatie lunara de 50 lei pentru fiecare an \u00een care au facut parte din detasamentele de munca fortata sau au fost \u00een trenul mortii.<\/p>\n<p style=\"text-align: justify;\">Sotul supravietuitor al celui decedat, din categoria persoanelor prevazute la art. 1, va beneficia, \u00eencep\u00eend cu data de 1 a lunii urm\u0103toare celei \u00een care a fost depusa cererea, \u00een conditiile prezentei ordonan\u00e9e, de o indemniza\u00e9ie lunar\u0103 fix\u0103 de 100 lei neimpozabila, daca ulterior nu s-a recasatorit.<\/p>\n<p style=\"text-align: justify;\"><strong>\u00a0Cine beneficiaza de prevederile Legii 309\/2002?<\/strong><\/p>\n<p style=\"text-align: justify;\">Beneficiaza de prevederile prezentei legi persoana, cetatean roman, care a efectuat stagiul militar in detasamentele de munca din cadrul Directiei Generale a Serviciului Muncii in perioada 1950-1961.<\/p>\n<p style=\"text-align: justify;\">Acte necesare in vederea stabilirii calitatii de Beneficiar al legii nr.309\/2002 privind acordarea unor drepturi persoanelor care au efectuat stagiul militar \u00een cadrul Dir. Gen. A Serviciului Muncii \u00een perioada 1950-1961.<\/p>\n<p style=\"text-align: justify;\">Acte din care s\u0103 rezulte c\u0103 a efectuat stagiul militar \u00een cadrul Directiei Generale aServiciului Muncii \u00een perioada 1950-1961:<\/p>\n<p style=\"text-align: justify;\">\u25cf Livret militar;<br \/>\n\u25cfAdeverinte eliberate de centrele militare judetene;<br \/>\n\u25cfAdeverinte eliberate de UM 02450 Pitesti;<br \/>\n\u25cfActe personale ale solicitantului (prezentate in copie si original);<br \/>\n\u25cfcertificat de nastere;<br \/>\n\u25cfbuletin de identitate;<br \/>\n\u25cfcupon de pensie.<\/p>\n<p style=\"text-align: justify;\">Actele mentionate mai sus se vor depune \u00eensotite de o cerere scris\u0103 si un dosar.<\/p>\n<p style=\"text-align: justify;\"><strong>\u00a0De ce drepturi beneficiaza cei cu Legea nr. 309\/2002?<\/strong><\/p>\n<p style=\"text-align: justify;\">\u25cf o indemnizatie lunara, neimpozabila, de 15.000 lei pentru fiecare luna de stagiu militar efectuat in cadrul Directiei Generale a Serviciului Muncii ;<br \/>\n\u25cf asistenta medicala si medicamente in mod gratuit, atat in tratamentul ambulatoriu, cat si in timpul spitalizarii;<br \/>\n\u25cf scutirea de la plata taxei de abonament la radio si televizor. De aceste drepturi beneficiaza si vaduvele supravietuitoare ale persoanelor care s-au aflat in situatia prevazuta la art. 1, care nu s-au recasatorit.<\/p>\n","protected":false},"excerpt":{"rendered":"<p>Deta\u0219amente de munc\u0103 REFUGIATI, DETASAMENTE DE MUNCA Cine beneficiaza de prevederile Legii 189\/2000? Beneficiaz\u0103 de prevederile Legii 189\/2000 persoana, cet\u0103tean rom\u00e2n, care \u00een perioada regimurilor instaurate cu \u00eencepere de la 6 septembrie 1940 pana la 6 martie 1945 a avut &hellip; <a href=\"https:\/\/www.cjpmures.ro\/?page_id=85\">Continue reading <span class=\"meta-nav\">&rarr;<\/span><\/a><\/p>\n","protected":false},"author":1,"featured_media":0,"parent":0,"menu_order":0,"comment_status":"closed","ping_status":"closed","template":"showcase.php","meta":{"footnotes":""},"class_list":["post-85","page","type-page","status-publish","hentry"],"_links":{"self":[{"href":"https:\/\/www.cjpmures.ro\/index.php?rest_route=\/wp\/v2\/pages\/85","targetHints":{"allow":["GET"]}}],"collection":[{"href":"https:\/\/www.cjpmures.ro\/index.php?rest_route=\/wp\/v2\/pages"}],"about":[{"href":"https:\/\/www.cjpmures.ro\/index.php?rest_route=\/wp\/v2\/types\/page"}],"author":[{"embeddable":true,"href":"https:\/\/www.cjpmures.ro\/index.php?rest_route=\/wp\/v2\/users\/1"}],"replies":[{"embeddable":true,"href":"https:\/\/www.cjpmures.ro\/index.php?rest_route=%2Fwp%2Fv2%2Fcomments&post=85"}],"version-history":[{"count":5,"href":"https:\/\/www.cjpmures.ro\/index.php?rest_route=\/wp\/v2\/pages\/85\/revisions"}],"predecessor-version":[{"id":551,"href":"https:\/\/www.cjpmures.ro\/index.php?rest_route=\/wp\/v2\/pages\/85\/revisions\/551"}],"wp:attachment":[{"href":"https:\/\/www.cjpmures.ro\/index.php?rest_route=%2Fwp%2Fv2%2Fmedia&parent=85"}],"curies":[{"name":"wp","href":"https:\/\/api.w.org\/{rel}","templated":true}]}}