{"id":81,"date":"2014-05-24T15:28:26","date_gmt":"2014-05-24T15:28:26","guid":{"rendered":"http:\/\/www.cjpmures.ro\/?page_id=81"},"modified":"2020-05-18T11:38:30","modified_gmt":"2020-05-18T11:38:30","slug":"anunturi-alti-contribuabili","status":"publish","type":"page","link":"https:\/\/www.cjpmures.ro\/?page_id=81","title":{"rendered":"Asig. cu decl. individual\u0103"},"content":{"rendered":"<h3><strong>ASIGURA\u0162I CU DECLARA\u0162IE INDIVIDUAL\u0102 DE ASIGURARE<\/strong><\/h3>\n<hr \/>\n<p style=\"text-align: justify;\">\u00a0<strong>\u00a0\u00a0\u00a0 <\/strong><strong>\u00cencep\u00e2nd cu \u00a0data de<\/strong>\u00a0 <strong>01.07.2012\u00a0<\/strong>ca urmare a intr\u0103rii \u00een vigoare a prevederilor Cap II \u015fi III din titlul IX (alin 2) din Legea nr.571\/2003 privind Codul Fiscal, cu modific\u0103rile \u015fi complet\u0103rile ulterioare aduse de OUG 125\/2011, <strong><em>competen\u0163a de administrare a contribu\u0163iei de asigur\u0103ri sociale datorat\u0103 \u00een baza declara\u0163iei individuale de asigurare\u00a0 a revenit Agen\u0163iei Na\u0163ionale de Administrare Fiscal\u0103 prin unit\u0103\u0163ile sale teritoriale<\/em><\/strong><\/p>\n","protected":false},"excerpt":{"rendered":"<p>ASIGURA\u0162I CU DECLARA\u0162IE INDIVIDUAL\u0102 DE ASIGURARE \u00a0\u00a0\u00a0\u00a0 \u00cencep\u00e2nd cu \u00a0data de\u00a0 01.07.2012\u00a0ca urmare a intr\u0103rii \u00een vigoare a prevederilor Cap II \u015fi III din titlul IX (alin 2) din Legea nr.571\/2003 privind Codul Fiscal, cu modific\u0103rile \u015fi complet\u0103rile ulterioare aduse &hellip; <a href=\"https:\/\/www.cjpmures.ro\/?page_id=81\">Continue reading <span class=\"meta-nav\">&rarr;<\/span><\/a><\/p>\n","protected":false},"author":1,"featured_media":0,"parent":0,"menu_order":0,"comment_status":"closed","ping_status":"closed","template":"showcase.php","meta":{"footnotes":""},"class_list":["post-81","page","type-page","status-publish","hentry"],"_links":{"self":[{"href":"https:\/\/www.cjpmures.ro\/index.php?rest_route=\/wp\/v2\/pages\/81","targetHints":{"allow":["GET"]}}],"collection":[{"href":"https:\/\/www.cjpmures.ro\/index.php?rest_route=\/wp\/v2\/pages"}],"about":[{"href":"https:\/\/www.cjpmures.ro\/index.php?rest_route=\/wp\/v2\/types\/page"}],"author":[{"embeddable":true,"href":"https:\/\/www.cjpmures.ro\/index.php?rest_route=\/wp\/v2\/users\/1"}],"replies":[{"embeddable":true,"href":"https:\/\/www.cjpmures.ro\/index.php?rest_route=%2Fwp%2Fv2%2Fcomments&post=81"}],"version-history":[{"count":12,"href":"https:\/\/www.cjpmures.ro\/index.php?rest_route=\/wp\/v2\/pages\/81\/revisions"}],"predecessor-version":[{"id":1995,"href":"https:\/\/www.cjpmures.ro\/index.php?rest_route=\/wp\/v2\/pages\/81\/revisions\/1995"}],"wp:attachment":[{"href":"https:\/\/www.cjpmures.ro\/index.php?rest_route=%2Fwp%2Fv2%2Fmedia&parent=81"}],"curies":[{"name":"wp","href":"https:\/\/api.w.org\/{rel}","templated":true}]}}