{"id":79,"date":"2014-05-24T15:27:38","date_gmt":"2014-05-24T15:27:38","guid":{"rendered":"http:\/\/www.cjpmures.ro\/?page_id=79"},"modified":"2020-05-18T11:39:56","modified_gmt":"2020-05-18T11:39:56","slug":"obligatiuni-si-drepturi","status":"publish","type":"page","link":"https:\/\/www.cjpmures.ro\/?page_id=79","title":{"rendered":"Obliga\u021bii angajatori"},"content":{"rendered":"<h3><strong>Obliga\u021bii pentru angajatori<\/strong><\/h3>\n<hr \/>\n<p style=\"text-align: justify;\"><strong>Angajatorii <\/strong>sunt persoanele juridice sau fizice care angajeaz\u0103 personal salariat \u015fi care particip\u0103 \u00een condi\u0163iile legii la sistemul unitar de pensii publice.<\/p>\n<p>Principalele <strong>categorii de angajatori<\/strong> sunt:<\/p>\n<p style=\"text-align: justify;\">&#8211; persoanele juridice \u015fi persoanele fizice care angajeaz\u0103 personal salariat \u00een condi\u0163iile legii, cu contracte individuale de munc\u0103 (indiferent de regimul de lucru \u2013 2\/4\/6 sau 8 ore) \u015fi de durata acestor contracte \u2013 determinat\u0103 sau nedeterminat\u0103);<\/p>\n<p style=\"text-align: justify;\">&#8211; persoanele juridice cu care func\u0163ionarii publici au raporturi de serviciu;<\/p>\n<p style=\"text-align: justify;\">&#8211; institu\u0163iile la care persoanele ce ocup\u0103 func\u0163ii elective \u00ee\u015fi desf\u0103\u015foar\u0103\u00a0 activitatea retribuit\u0103 \u00een aceast\u0103 calitate;<\/p>\n<p style=\"text-align: justify;\">&#8211; institu\u0163iile la care \u00ee\u015fi desf\u0103\u015foar\u0103 activitatea persoanele numite \u00een cadrul autorit\u0103\u0163ii executive, judec\u0103tore\u015fti sau legislative;<\/p>\n<p style=\"text-align: justify;\">&#8211; organiza\u0163iile coopera\u0163iei me\u015fte\u015fug\u0103re\u015fti cu personal salariat, conform legii;<\/p>\n<p style=\"text-align: justify;\">&#8211; Agen\u0163ia Na\u0163ional\u0103 pentru Ocuparea\u00a0 For\u0163ei de Munc\u0103 (ANOFM) , prin structurile sale teritoriale \u2013 pentru beneficiarii ajutorului de \u015fomaj aflate \u00een plat\u0103, pe perioada legal\u0103 de achitare a ajutorului respectiv;<\/p>\n<p style=\"text-align: justify;\">&#8211; organiza\u0163iile sindicale, patronale, profesionale, partidele politice, alte organiza\u0163ii sau asocia\u0163ii (cu sau f\u0103r\u0103 personalitate juridic\u0103), pentru personalul\u00a0 angajat de acestea cu contracte individuale de munc\u0103.<\/p>\n<p style=\"text-align: justify;\"><strong>a)\u00a0\u00a0\u00a0\u00a0\u00a0 Pentru perioadele p\u00e2n\u0103 la 31.12.2010:<\/strong><\/p>\n<p style=\"text-align: justify;\">Asigurarea eviden\u0163ei nominale a asigura\u0163ilor \u015fi a obliga\u0163iilor de plat\u0103 c\u0103tre bugetul asigur\u0103rilor sociale de stat se realizeaz\u0103 pe baza &#8220;Declara\u0163iei privind obliga\u0163iile de plat\u0103 a contribu\u0163iilor sociale, impozitului pe venit \u015fi eviden\u0163a nominal\u0103 a persoanelor asigurate&#8221; (denumite generic <em>declara\u0163ii nominale<\/em>).<\/p>\n<p style=\"text-align: justify;\">Acestea sunt declara\u0163ii intocmite lunar de angajatori \u015fi constituie documentul pe baza c\u0103ruia casele teritoriale de pensii stabilesc stagiul de cotizare al asigura\u0163ilor \u00een sistemul public de pensii, pentru perioada 01.04.2001 \u2013 31.12.2010.<\/p>\n<p style=\"text-align: justify;\">Pentru perioada men\u0163ionat\u0103, declara\u0163iile nominale se depun \u00een format pe h\u00e2rtie \u015fi electronic (cu ajutorul <strong>programului informatic<\/strong> specific \u2013 <a href=\"https:\/\/www.cjpmures.ro\/wp-content\/uploads\/2014\/05\/SetupAnx_10.03_.rar\">descarc\u0103 aici<\/a>), la <strong>GHI\u015eEUL nr. 8.<\/strong><\/p>\n<p style=\"text-align: justify;\">\u00a0<strong>b)\u00a0\u00a0\u00a0\u00a0\u00a0 <\/strong><strong>Pentru perioadele dup\u0103 01.01.2011:<\/strong><\/p>\n<p style=\"text-align: justify;\">Formularul\u00a0 D112 &#8211; <strong>&#8220;Declara\u0163ie <\/strong><strong>privind obliga\u0163iile de plat\u0103 a contribu\u0163iilor sociale, impozitului pe venit \u015fi eviden\u0163a nominal\u0103 a persoanelor asigurate\u201d <\/strong>se completeaz\u0103 \u015fi se depune de pl\u0103titorii de impozite \u015fi contribu\u0163ii c\u0103rora le revin, potrivit legisla\u0163iei \u00een vigoare, <strong>la <\/strong><strong>organul fiscal <\/strong>\u00een a c\u0103rui eviden\u0163\u0103 contribuabilul este \u00eenregistrat ca pl\u0103titor de impozite, taxe \u015fi contribu\u0163ii.<\/p>\n","protected":false},"excerpt":{"rendered":"<p>Obliga\u021bii pentru angajatori Angajatorii sunt persoanele juridice sau fizice care angajeaz\u0103 personal salariat \u015fi care particip\u0103 \u00een condi\u0163iile legii la sistemul unitar de pensii publice. Principalele categorii de angajatori sunt: &#8211; persoanele juridice \u015fi persoanele fizice care angajeaz\u0103 personal salariat &hellip; <a href=\"https:\/\/www.cjpmures.ro\/?page_id=79\">Continue reading <span class=\"meta-nav\">&rarr;<\/span><\/a><\/p>\n","protected":false},"author":1,"featured_media":0,"parent":0,"menu_order":0,"comment_status":"closed","ping_status":"closed","template":"showcase.php","meta":{"footnotes":""},"class_list":["post-79","page","type-page","status-publish","hentry"],"_links":{"self":[{"href":"https:\/\/www.cjpmures.ro\/index.php?rest_route=\/wp\/v2\/pages\/79","targetHints":{"allow":["GET"]}}],"collection":[{"href":"https:\/\/www.cjpmures.ro\/index.php?rest_route=\/wp\/v2\/pages"}],"about":[{"href":"https:\/\/www.cjpmures.ro\/index.php?rest_route=\/wp\/v2\/types\/page"}],"author":[{"embeddable":true,"href":"https:\/\/www.cjpmures.ro\/index.php?rest_route=\/wp\/v2\/users\/1"}],"replies":[{"embeddable":true,"href":"https:\/\/www.cjpmures.ro\/index.php?rest_route=%2Fwp%2Fv2%2Fcomments&post=79"}],"version-history":[{"count":9,"href":"https:\/\/www.cjpmures.ro\/index.php?rest_route=\/wp\/v2\/pages\/79\/revisions"}],"predecessor-version":[{"id":1996,"href":"https:\/\/www.cjpmures.ro\/index.php?rest_route=\/wp\/v2\/pages\/79\/revisions\/1996"}],"wp:attachment":[{"href":"https:\/\/www.cjpmures.ro\/index.php?rest_route=%2Fwp%2Fv2%2Fmedia&parent=79"}],"curies":[{"name":"wp","href":"https:\/\/api.w.org\/{rel}","templated":true}]}}