{"id":77,"date":"2014-05-24T15:27:19","date_gmt":"2014-05-24T15:27:19","guid":{"rendered":"http:\/\/www.cjpmures.ro\/?page_id=77"},"modified":"2025-11-11T08:21:33","modified_gmt":"2025-11-11T08:21:33","slug":"declaratii-si-contracte","status":"publish","type":"page","link":"https:\/\/www.cjpmures.ro\/?page_id=77","title":{"rendered":"Contracte de asigurare"},"content":{"rendered":"<h3 style=\"text-align: justify;\"><strong>contracte DE ASIGURARE SOCIALA<br \/>\n<\/strong><\/h3>\n<hr \/>\n<p style=\"text-align: justify;\"><a href=\"https:\/\/www.cjpmures.ro\/wp-content\/uploads\/2014\/05\/schema_princ_av_contract.png\"><img loading=\"lazy\" decoding=\"async\" class=\"aligncenter wp-image-464 size-full\" src=\"https:\/\/www.cjpmures.ro\/wp-content\/uploads\/2014\/05\/schema_princ_av_contract.png\" alt=\"schema\" width=\"586\" height=\"394\" srcset=\"https:\/\/www.cjpmures.ro\/wp-content\/uploads\/2014\/05\/schema_princ_av_contract.png 586w, https:\/\/www.cjpmures.ro\/wp-content\/uploads\/2014\/05\/schema_princ_av_contract-300x201.png 300w, https:\/\/www.cjpmures.ro\/wp-content\/uploads\/2014\/05\/schema_princ_av_contract-446x300.png 446w\" sizes=\"auto, (max-width: 586px) 100vw, 586px\" \/><\/a><\/p>\n<p><strong>Cine poate \u00eencheia un contract de asigurare<\/strong><\/p>\n<p style=\"text-align: justify;\">In sistemul public de pensii, <strong>se poate asigura cu contract de asigurare social\u0103<\/strong> <strong>orice persoan\u0103 care dore\u015fte s\u0103 se asigure, respectiv s\u0103 \u00ee\u015fi completeze venitul asigurat<\/strong>, at\u00e2t cei care nu au nici o form\u0103 de asigurare pentru pensie sau nu au nici un venit permanent, c\u00e2t \u015fi cei care au deja o asigurare cu contract individual de munca sau care sunt asigura\u0163i \u00eentr-un alt sistem dec\u00e2t cel public de pensii (avoca\u0163ii, personalul clerical \u015fi cel asimilat din cadrul cultelor recunoscute prin lege).<\/p>\n<p style=\"text-align: justify;\">\u00a0Contractul de asigurare social\u0103 se \u00eencheie \u00eentre:<br \/>\n&#8211; <strong>persoana interesat\u0103<\/strong> sau, dup\u0103 caz, tutorele, curatorul ori mandatarul acesteia desemnat prin procur\u0103 special\u0103<br \/>\n\u015fi<br \/>\n&#8211; <strong>casa teritorial\u0103 de pensii<\/strong> competent\u0103, \u00een func\u0163ie de domiciliul sau re\u015fedin\u0163a persoanei.<\/p>\n<p style=\"text-align: justify;\">\u00a0Contractul de asigurare social\u0103 se \u00eencheie \u00een form\u0103 scris\u0103 (formularul tipizat<strong> <a href=\"https:\/\/www.cjpmures.ro\/wp-content\/uploads\/2025\/01\/contract-de-asigurare.pdf\">descarc\u0103 aici<\/a><\/strong>) \u015fi <em>produce efecte de la data \u00eenregistr\u0103rii acestuia la casa teritorial\u0103 de pensii.<\/em><\/p>\n<p style=\"text-align: justify;\"><strong><br \/>\nDocumente necesare \u00a0la \u00eenregistrarea contractului<\/strong><\/p>\n<p style=\"text-align: justify;\"><strong>Documentele<\/strong> care se prezint\u0103 la \u00eencheierea contractului de asigurare social\u0103:<br \/>\na) actul de identitate ;<br \/>\nb) actul de identitate al reprezentantului, precum \u015fi actul care atest\u0103 calitatea acestuia, dup\u0103 caz.<\/p>\n<p style=\"text-align: justify;\"><strong>Important la completarea contractului<\/strong><\/p>\n<p style=\"text-align: justify;\"><strong><em>Venitul lunar asigurat (VA)\u00a0<\/em><\/strong>\u00eenregistrat \u00een contract:<br \/>\n&#8211; nu poate fi mai mic dec\u00e2t valoarea salariului de baz\u0103 minim brut pe \u0163ar\u0103 garantat \u00een plat\u0103;<strong><br \/>\n<\/strong>&#8211; poate fi modificat prin depunerea unui <strong>act adi\u0163ional la contractul de asigurare social\u0103<\/strong> (<strong><a href=\"https:\/\/www.cjpmures.ro\/wp-content\/uploads\/2025\/01\/act-aditional.pdf\">formular tipizat<\/a><\/strong>).<\/p>\n<p style=\"text-align: left;\"><strong>Pentru anul 2025:\u00a0<\/strong><\/p>\n<p>&#8211; incepand cu 01.01.2025 salariul de baz\u0103 minim brut pe \u0163ar\u0103 garantat \u00een plat\u0103<strong> = 4.050 lei<\/strong><\/p>\n<p style=\"text-align: left;\">&#8211;\u00a0<em>venit lunar minim\u00a0<\/em>\u00a0asigurat\u00a0<strong>= 4.050 lei<\/strong><\/p>\n<p style=\"text-align: justify;\">&#8211; venitul\u00a0 lunar asigurat (VA) va constitui baza de calcul pentru pensie \u015fi lunar, va determina contribu\u0163ia de asigur\u0103ri sociale datorat\u0103.<\/p>\n<p style=\"text-align: justify;\"><strong>Contribu\u021bia de asigur\u0103ri sociale datorat\u0103 lunar:<\/strong><\/p>\n<p style=\"text-align: justify;\">Asigura\u0163ii cu contract de asigurare social datoreaz\u0103 lunar o contribu\u0163ie de asigur\u0103ri sociale calculat\u0103 \u00een func\u0163ie de venitul asigurat \u00eenregistrat \u00een contract \u015fi cota de contribu\u0163ie de asigur\u0103ri sociale, astfel:<\/p>\n<p style=\"text-align: center;\"><strong>cas = VA * cota legal\u0103 de contribu\u0163ie<\/strong><\/p>\n<p style=\"text-align: justify;\"><strong>Pentru anul 2025 <\/strong>cota contribu\u0163iei de asigur\u0103ri sociale este de <strong>25%<\/strong>, astfel \u00eenc\u00e2t contribu\u0163ia lunar\u0103 datorat\u0103 pentru contractele de asigurare va fi cel pu\u0163in<strong> 1013 lei<\/strong> \u00a0pentru VA minim\u0103 de 4.050 lei.<\/p>\n<p><strong>Plata contribu\u021biei lunare de asigur\u0103ri sociale<\/strong><\/p>\n<p style=\"text-align: justify;\">Termenul de plat\u0103 a contribu\u0163iei de asigur\u0103ri sociale este p\u00e2n\u0103 la data de 25 a lunii urm\u0103toare celei pentru care se datoreaz\u0103 plata.<\/p>\n<p><strong><em>Modalit\u0103\u0163i de plat\u0103<\/em><\/strong>:<br \/>\n&#8211; la casierie<br \/>\n&#8211; prin virament bancar sau mandat postal (<strong>\u00a0\u00een contul <\/strong><em>\u00a0<strong>Casei Jude\u021bene de Pensii Mure\u0219, cod fiscal <\/strong>\u00a0<\/em><strong>13591979:<\/strong><strong> RO42TREZ47622210304xxxxx. <\/strong>Detalii plata:<strong> CNP, Nume asigurat.<\/strong>)<\/p>\n<p><strong><br \/>\n<\/strong><strong><em>Rezilierea\/\u00eencetarea contractului de asigurare social\u0103<\/em><\/strong>:<\/p>\n<p style=\"text-align: justify;\">Contractul de asigurare social\u0103 poate fi reziliat la ini\u0163iativa oric\u0103reia dintre p\u0103r\u0163i, conform clauzelor prev\u0103zute \u00een contract:<\/p>\n<p style=\"text-align: justify;\">&#8211; \u00a0<em>la cererea persoanei asigurate<\/em>;<br \/>\n&#8211;\u00a0<em>din ini\u0163iativa C.J.P.<\/em> &#8211;\u00a0 \u00een cazul \u00een care exist\u0103 cel pu\u0163in 3 luni de neplat\u0103 a contribu\u0163iilor datorate \u015fi persoana respectiv\u0103 nu r\u0103spunde notific\u0103rilor trimise de institu\u0163ie.<\/p>\n<p style=\"text-align: justify;\">\u00cen cazul rezilierii contractului de asigurare social\u0103, contribu\u0163iile de asigur\u0103ri sociale achitate nu se restituie iar stagiul de cotizare realizat se valorific\u0103 la stabilirea dreptului de pensie.<\/p>\n","protected":false},"excerpt":{"rendered":"<p>contracte DE ASIGURARE SOCIALA Cine poate \u00eencheia un contract de asigurare In sistemul public de pensii, se poate asigura cu contract de asigurare social\u0103 orice persoan\u0103 care dore\u015fte s\u0103 se asigure, respectiv s\u0103 \u00ee\u015fi completeze venitul asigurat, at\u00e2t cei care &hellip; <a href=\"https:\/\/www.cjpmures.ro\/?page_id=77\">Continue reading <span class=\"meta-nav\">&rarr;<\/span><\/a><\/p>\n","protected":false},"author":1,"featured_media":0,"parent":0,"menu_order":0,"comment_status":"closed","ping_status":"closed","template":"showcase.php","meta":{"footnotes":""},"class_list":["post-77","page","type-page","status-publish","hentry"],"_links":{"self":[{"href":"https:\/\/www.cjpmures.ro\/index.php?rest_route=\/wp\/v2\/pages\/77","targetHints":{"allow":["GET"]}}],"collection":[{"href":"https:\/\/www.cjpmures.ro\/index.php?rest_route=\/wp\/v2\/pages"}],"about":[{"href":"https:\/\/www.cjpmures.ro\/index.php?rest_route=\/wp\/v2\/types\/page"}],"author":[{"embeddable":true,"href":"https:\/\/www.cjpmures.ro\/index.php?rest_route=\/wp\/v2\/users\/1"}],"replies":[{"embeddable":true,"href":"https:\/\/www.cjpmures.ro\/index.php?rest_route=%2Fwp%2Fv2%2Fcomments&post=77"}],"version-history":[{"count":36,"href":"https:\/\/www.cjpmures.ro\/index.php?rest_route=\/wp\/v2\/pages\/77\/revisions"}],"predecessor-version":[{"id":4623,"href":"https:\/\/www.cjpmures.ro\/index.php?rest_route=\/wp\/v2\/pages\/77\/revisions\/4623"}],"wp:attachment":[{"href":"https:\/\/www.cjpmures.ro\/index.php?rest_route=%2Fwp%2Fv2%2Fmedia&parent=77"}],"curies":[{"name":"wp","href":"https:\/\/api.w.org\/{rel}","templated":true}]}}