{"id":75,"date":"2014-05-24T15:27:02","date_gmt":"2014-05-24T15:27:02","guid":{"rendered":"http:\/\/www.cjpmures.ro\/?page_id=75"},"modified":"2025-01-20T13:59:33","modified_gmt":"2025-01-20T13:59:33","slug":"alti-contribuabili","status":"publish","type":"page","link":"https:\/\/www.cjpmures.ro\/?page_id=75","title":{"rendered":"Stagii de cotizare"},"content":{"rendered":"<h3 style=\"color: #656551;\"><strong>STAGII DE COTIZARE<\/strong><\/h3>\n<hr \/>\n<p style=\"text-align: justify;\">Constituie <strong>stagiu de cotizare<\/strong> perioadele de timp pentru care asigura\u0163ii datoreaz\u0103 \u015fi\/sau pl\u0103tesc contribu\u0163ii de asigur\u0103ri sociale \u00een sistemul public de pensii din Rom\u00e2nia, precum \u015fi \u00een alte \u0163\u0103ri, \u00een condi\u0163iile stabilite prin acordurile sau conven\u0163iile interna\u0163ionale la care Rom\u00e2nia este parte.<\/p>\n<p>\u00a0In sistemul public de pensii sunt <strong>contribuabili<\/strong>, dupa caz:<\/p>\n<ol>\n<li style=\"text-align: justify;\"><strong>asiguratii care datoreaza contributii individuale de asigurari sociale<br \/>\n<\/strong>\u00a0[ vezi submeniurile:\u00a0DESPRE PERSOANELE ASIGURATE OBLIGATORIU IN SISTEMUL PUBLIC DE PENSII si\u00a0 ASIGURATI CU DECLARATIE INDIVIDUALA DE ASIGURARE]<\/li>\n<li style=\"text-align: justify;\"><strong>angajatorii si institutiile care efectueaza plata ajutoarelor<\/strong> prevazute la art.6 alin (1) din Legea 360\/2023<a href=\"http:\/\/www.cjptl.ro\/index_files\/legislatie\/Legi\/LEGEA%20263_2010.doc\"><br \/>\n<\/a>[ vezi submeniul: OBLIGATII PENTRU ANGAJATORI]<\/li>\n<li style=\"text-align: justify;\"><strong>persoanele juridice<\/strong> care isi desfasoara activitatea asiguratii prevazuti la art. 6 alin (1) lit a) &#8211; d)\u00a0 in conditiile prezentei legi<br \/>\n[ vezi submeniul: \u00a0DESPRE PERSOANELE ASIGURATE OBLIGATORIU IN SISTEMUL PUBLIC DE PENSII]<\/li>\n<li style=\"text-align: justify;\"><strong>Agentia Nationala pentru ocuparea Fortei de Munca<\/strong>, care administreaza bugetul asigurarilor pentru somaj, institutie care, pentru someri, este asimilata angajatorului<br \/>\n[ vezi submeniul: \u00a0DESPRE PERSOANELE ASIGURATE OBLIGATORIU IN SISTEMUL PUBLIC DE PENSII]<\/li>\n<li style=\"text-align: justify;\"><strong>persoanele<\/strong> prevazute la art. 6 alin (2) si alin (3)<a href=\"http:\/\/www.cjptl.ro\/index_files\/contribuabili\/ART6-lg263.doc\"><br \/>\n<\/a>\u00a0[ vezi submeniurile: \u00a0CONTRACTE DE ASIGURARE SOCIALA, CONTRACTE DE ASIGURARE SOCIALA RETROACTIV\u00a0 ].<\/li>\n<\/ol>\n","protected":false},"excerpt":{"rendered":"<p>STAGII DE COTIZARE Constituie stagiu de cotizare perioadele de timp pentru care asigura\u0163ii datoreaz\u0103 \u015fi\/sau pl\u0103tesc contribu\u0163ii de asigur\u0103ri sociale \u00een sistemul public de pensii din Rom\u00e2nia, precum \u015fi \u00een alte \u0163\u0103ri, \u00een condi\u0163iile stabilite prin acordurile sau conven\u0163iile interna\u0163ionale &hellip; <a href=\"https:\/\/www.cjpmures.ro\/?page_id=75\">Continue reading <span class=\"meta-nav\">&rarr;<\/span><\/a><\/p>\n","protected":false},"author":1,"featured_media":0,"parent":0,"menu_order":0,"comment_status":"closed","ping_status":"closed","template":"showcase.php","meta":{"footnotes":""},"class_list":["post-75","page","type-page","status-publish","hentry"],"_links":{"self":[{"href":"https:\/\/www.cjpmures.ro\/index.php?rest_route=\/wp\/v2\/pages\/75","targetHints":{"allow":["GET"]}}],"collection":[{"href":"https:\/\/www.cjpmures.ro\/index.php?rest_route=\/wp\/v2\/pages"}],"about":[{"href":"https:\/\/www.cjpmures.ro\/index.php?rest_route=\/wp\/v2\/types\/page"}],"author":[{"embeddable":true,"href":"https:\/\/www.cjpmures.ro\/index.php?rest_route=\/wp\/v2\/users\/1"}],"replies":[{"embeddable":true,"href":"https:\/\/www.cjpmures.ro\/index.php?rest_route=%2Fwp%2Fv2%2Fcomments&post=75"}],"version-history":[{"count":11,"href":"https:\/\/www.cjpmures.ro\/index.php?rest_route=\/wp\/v2\/pages\/75\/revisions"}],"predecessor-version":[{"id":4263,"href":"https:\/\/www.cjpmures.ro\/index.php?rest_route=\/wp\/v2\/pages\/75\/revisions\/4263"}],"wp:attachment":[{"href":"https:\/\/www.cjpmures.ro\/index.php?rest_route=%2Fwp%2Fv2%2Fmedia&parent=75"}],"curies":[{"name":"wp","href":"https:\/\/api.w.org\/{rel}","templated":true}]}}