{"id":61,"date":"2014-05-24T15:25:05","date_gmt":"2014-05-24T15:25:05","guid":{"rendered":"http:\/\/www.cjpmures.ro\/?page_id=61"},"modified":"2020-06-30T07:18:25","modified_gmt":"2020-06-30T07:18:25","slug":"drepturi","status":"publish","type":"page","link":"https:\/\/www.cjpmures.ro\/?page_id=61","title":{"rendered":"Acte necesare"},"content":{"rendered":"<h3><b>acte necesare<\/b><\/h3>\n<hr \/>\n<p style=\"text-align: justify;\">\u00a0 \u00a0 \u00a0 \u00a0 \u00a0 Pentru stabilirea drepturilor de pensie\u00a0 pentru limit\u0103 de v\u00e2rst\u0103, anticipat\u0103, anticipat\u0103 par\u0163ial, de invaliditate \u0219i de urma\u015f, persoana \u00eendrept\u0103\u0163it\u0103 se adreseaz\u0103 unei singure institu\u021bii, cererea astfel depus\u0103 fiind valabil\u0103 pentru toate institu\u021biile la legisla\u021bia c\u0103rora persoana respectiv\u0103 a fost supus\u0103.<\/p>\n<p style=\"text-align: justify;\">\u00a0\u00a0\u00a0\u00a0\u00a0\u00a0\u00a0\u00a0 Cererile se depun la institu\u0163ia de la locul de re\u015fedin\u0163\u0103 astfel:<\/p>\n<p style=\"text-align: justify;\">\u00a0&#8211; dac\u0103 solicitantul locuie\u0219te pe teritoriul unui stat membru cererea se depune la institu\u0163ia din statul respectiv;<\/p>\n<p style=\"text-align: justify;\">\u00a0&#8211; dac\u0103 solicitantul are domiciliul \u00een Rom\u00e2nia, cererea se depune la casa teritorial\u0103 de pensii de care apar\u021bine cu domiciliul.<\/p>\n<p style=\"text-align: justify;\">\u00a0 \u00a0 Institu\u0163ia de asigur\u0103ri sociale din statul de domiciliu va transmite \u00een celelalte state documentele necesare \u00een vederea stabilirii drepturilor de pensie; comunicarea \u00eentre institu\u0163ii este asigurat\u0103 prin intermediul formularelor de leg\u0103tur\u0103.<\/p>\n<p style=\"text-align: justify;\">Actele necesare pentru \u00eenscrierea la pensie:<\/p>\n<p style=\"text-align: justify;\">&#8211; formularul de cerere E 202 , E203 sau E204, dup\u0103 caz;<\/p>\n<p style=\"text-align: justify;\">&#8211; formularul E 207 ;<\/p>\n<p style=\"text-align: justify;\">&#8211; declara\u021bia pe propria r\u0103spundere cu men\u0163iunea c\u0103 de\u0163ine sau nu CNP rom\u00e2nesc \u015fi dac\u0103 beneficiaz\u0103 sau nu de drepturi de pensie stabilite \u00een sistemul public de pensii din Rom\u00e2nia;<\/p>\n<p style=\"text-align: justify;\">&#8211; copie dupa actul de identitate rom\u00e2nesc &#8211; dac\u0103 de\u0163in dubla ceta\u021benie sau dac\u0103 au men\u021binut cet\u0103\u021benia rom\u00e2n\u0103 ;<\/p>\n<p style=\"text-align: justify;\">&#8211; documente \u015fi rapoarte medicale pentru a determina gradul de invaliditate \u00a0(pentru pensia de invaliditate)<\/p>\n<p style=\"text-align: justify;\">&#8211; carnetul de munc\u0103 original sau \u00een copie certificat\u0103 de institu\u021biile competente din str\u0103inatate ;<\/p>\n<p style=\"text-align: justify;\">&#8211; livretul militar original sau\u00a0 copie certificat\u0103 de institu\u021biile competente din str\u0103in\u0103tate ;<\/p>\n<p style=\"text-align: justify;\">&#8211; diplom\u0103 de studii original sau \u00een copie certificat\u0103 de institu\u021biile competente din str\u0103in\u0103tate sau adeverin\u021b\u0103 din care s\u0103 rezulte durata normal\u0103, perioada studiilor, certificarea absolvirii acestora precum \u0219i forma de \u00eenv\u0103\u021b\u0103m\u00e2nt;<\/p>\n<p style=\"text-align: justify;\">&#8211; adeverin\u0163\u0103 privind sporurile \u015fi adaosurile reglementate prin lege sau prin contractul colectiv\/individual de munc\u0103;<\/p>\n<p style=\"text-align: justify;\">&#8211; adeverin\u0163a de studii (elev sau student), \u00een cazul pensiei de urma\u015f;<\/p>\n<p style=\"text-align: justify;\">\u00a0 \u00a0 \u00a0State cu care Rom\u00e2nia are \u00eencheiate acorduri bilaterale pe modelul regulamentelor comunitare: Macedonia, Turcia, Coreea de Sud, Republica Moldova, Canada \u015fi Israel.<\/p>\n<p style=\"text-align: justify;\">\u00a0<strong>Descarca formulare <a href=\"https:\/\/www.cjpmures.ro\/?page_id=2024\">aici<\/a><\/strong><\/p>\n\n\n<p><\/p>\n","protected":false},"excerpt":{"rendered":"<p>acte necesare \u00a0 \u00a0 \u00a0 \u00a0 \u00a0 Pentru stabilirea drepturilor de pensie\u00a0 pentru limit\u0103 de v\u00e2rst\u0103, anticipat\u0103, anticipat\u0103 par\u0163ial, de invaliditate \u0219i de urma\u015f, persoana \u00eendrept\u0103\u0163it\u0103 se adreseaz\u0103 unei singure institu\u021bii, cererea astfel depus\u0103 fiind valabil\u0103 pentru toate institu\u021biile la &hellip; <a href=\"https:\/\/www.cjpmures.ro\/?page_id=61\">Continue reading <span class=\"meta-nav\">&rarr;<\/span><\/a><\/p>\n","protected":false},"author":1,"featured_media":0,"parent":0,"menu_order":0,"comment_status":"closed","ping_status":"closed","template":"showcase.php","meta":{"footnotes":""},"class_list":["post-61","page","type-page","status-publish","hentry"],"_links":{"self":[{"href":"https:\/\/www.cjpmures.ro\/index.php?rest_route=\/wp\/v2\/pages\/61","targetHints":{"allow":["GET"]}}],"collection":[{"href":"https:\/\/www.cjpmures.ro\/index.php?rest_route=\/wp\/v2\/pages"}],"about":[{"href":"https:\/\/www.cjpmures.ro\/index.php?rest_route=\/wp\/v2\/types\/page"}],"author":[{"embeddable":true,"href":"https:\/\/www.cjpmures.ro\/index.php?rest_route=\/wp\/v2\/users\/1"}],"replies":[{"embeddable":true,"href":"https:\/\/www.cjpmures.ro\/index.php?rest_route=%2Fwp%2Fv2%2Fcomments&post=61"}],"version-history":[{"count":12,"href":"https:\/\/www.cjpmures.ro\/index.php?rest_route=\/wp\/v2\/pages\/61\/revisions"}],"predecessor-version":[{"id":2083,"href":"https:\/\/www.cjpmures.ro\/index.php?rest_route=\/wp\/v2\/pages\/61\/revisions\/2083"}],"wp:attachment":[{"href":"https:\/\/www.cjpmures.ro\/index.php?rest_route=%2Fwp%2Fv2%2Fmedia&parent=61"}],"curies":[{"name":"wp","href":"https:\/\/api.w.org\/{rel}","templated":true}]}}