{"id":55,"date":"2014-05-24T15:24:16","date_gmt":"2014-05-24T15:24:16","guid":{"rendered":"http:\/\/www.cjpmures.ro\/?page_id=55"},"modified":"2025-02-12T12:19:23","modified_gmt":"2025-02-12T12:19:23","slug":"anunturi-pensionari","status":"publish","type":"page","link":"https:\/\/www.cjpmures.ro\/?page_id=55","title":{"rendered":"Informatii utile"},"content":{"rendered":"<h3>informa\u021bii<strong> utile<\/strong><\/h3>\n<hr \/>\n<p>\u00cen anul 2025, <strong>valoarea punctului de referinta <\/strong>prevazut la art. 83 alin.(1) din Legea nr. 360\/2023 se mentine la nivelul de<strong>\u00a081 lei.<\/strong><\/p>\n<p style=\"text-align: justify;\">Cuantumul <strong><span style=\"text-decoration: underline;\">indemniza\u0163iei sociale pentru pensionari<\/span><\/strong> este de <strong>1.281 lei.<\/strong><\/p>\n<p>Cuantumul <strong><span style=\"text-decoration: underline;\">indemniza\u0163iei de \u00eenso\u0163itor<\/span><\/strong> \u00een cazul pensionarilor de invaliditate grad I, este de <strong>2.025 lei.<\/strong><\/p>\n<p style=\"text-align: justify;\">Cuantumul <strong><span style=\"text-decoration: underline;\">ajutorului de deces<\/span><\/strong> (incepand cu 13.02.2025) este urm\u0103torul:<br \/>\n-\u00een cazul decesului asiguratului sau pensionarului: <strong>8.620<\/strong>\u00a0<strong>lei ;<br \/>\n<\/strong>-\u00een cazul decesului unui membru de familie al asiguratului sau pensionarului: <strong>4.310 lei<\/strong><\/p>\n","protected":false},"excerpt":{"rendered":"<p>informa\u021bii utile \u00cen anul 2025, valoarea punctului de referinta prevazut la art. 83 alin.(1) din Legea nr. 360\/2023 se mentine la nivelul de\u00a081 lei. Cuantumul indemniza\u0163iei sociale pentru pensionari este de 1.281 lei. Cuantumul indemniza\u0163iei de \u00eenso\u0163itor \u00een cazul pensionarilor &hellip; <a href=\"https:\/\/www.cjpmures.ro\/?page_id=55\">Continue reading <span class=\"meta-nav\">&rarr;<\/span><\/a><\/p>\n","protected":false},"author":1,"featured_media":0,"parent":0,"menu_order":0,"comment_status":"closed","ping_status":"closed","template":"showcase.php","meta":{"footnotes":""},"class_list":["post-55","page","type-page","status-publish","hentry"],"_links":{"self":[{"href":"https:\/\/www.cjpmures.ro\/index.php?rest_route=\/wp\/v2\/pages\/55","targetHints":{"allow":["GET"]}}],"collection":[{"href":"https:\/\/www.cjpmures.ro\/index.php?rest_route=\/wp\/v2\/pages"}],"about":[{"href":"https:\/\/www.cjpmures.ro\/index.php?rest_route=\/wp\/v2\/types\/page"}],"author":[{"embeddable":true,"href":"https:\/\/www.cjpmures.ro\/index.php?rest_route=\/wp\/v2\/users\/1"}],"replies":[{"embeddable":true,"href":"https:\/\/www.cjpmures.ro\/index.php?rest_route=%2Fwp%2Fv2%2Fcomments&post=55"}],"version-history":[{"count":28,"href":"https:\/\/www.cjpmures.ro\/index.php?rest_route=\/wp\/v2\/pages\/55\/revisions"}],"predecessor-version":[{"id":4299,"href":"https:\/\/www.cjpmures.ro\/index.php?rest_route=\/wp\/v2\/pages\/55\/revisions\/4299"}],"wp:attachment":[{"href":"https:\/\/www.cjpmures.ro\/index.php?rest_route=%2Fwp%2Fv2%2Fmedia&parent=55"}],"curies":[{"name":"wp","href":"https:\/\/api.w.org\/{rel}","templated":true}]}}