{"id":451,"date":"2014-05-30T16:05:36","date_gmt":"2014-05-30T16:05:36","guid":{"rendered":"http:\/\/www.cjpmures.ro\/?page_id=451"},"modified":"2025-01-20T14:03:01","modified_gmt":"2025-01-20T14:03:01","slug":"pers-asigurate-obligatoriu","status":"publish","type":"page","link":"https:\/\/www.cjpmures.ro\/?page_id=451","title":{"rendered":"Pers. asigurate obligatoriu"},"content":{"rendered":"<h3><strong>DESPRE PERSOANELE ASIGURATE OBLIGATORIU<br \/>\n<\/strong><\/h3>\n<hr \/>\n<p>Asigura\u0163ii sistemului public de pensii pot fi cet\u0103\u0163eni rom\u00e2ni, cet\u0103\u0163eni ai altor state sau apatrizi, pe perioada \u00een care au, conform legii, domiciliul sau re\u015fedin\u0163a \u00een Rom\u00e2nia. Pot fi asigura\u0163i ai sistemului public de pensii \u015fi cet\u0103\u0163enii rom\u00e2ni, cet\u0103\u0163enii altor state \u015fi apatrizii care nu au domiciliul sau re\u015fedin\u0163a \u00een Rom\u00e2nia, \u00een condi\u0163iile prev\u0103zute de instrumentele juridice cu caracter interna\u0163ional la care Rom\u00e2nia este parte.<\/p>\n<p>Asigura\u0163ii au obliga\u0163ia s\u0103 pl\u0103teasc\u0103 contribu\u0163ii de asigur\u0103ri sociale \u015fi au dreptul s\u0103 beneficieze de presta\u0163ii de asigur\u0103ri sociale.<\/p>\n<p>Conform art.6, alin. (1), din\u00a0<strong>Legea 360\/2023 privind sistemul public de pensii<\/strong>, sunt asigurate obligatoriu, prin efectul legii:<\/p>\n<p>a) persoanele care desf\u0103\u015foar\u0103 activit\u0103\u0163i pe baz\u0103 de contract individual de munc\u0103;<\/p>\n<p>b) func\u0163ionarii publici;<\/p>\n<p>c)\u00a0alte persoane care realizeaz\u0103 venituri asimilate salariilor pentru care se datoreaz\u0103 contribu\u0163ie de asigur\u0103ri sociale, potrivit\u00a0<a href=\"https:\/\/lege5.ro\/App\/Document\/g43donzvgi\/codul-fiscal-din-2015?d=2024-06-25\">Legii<\/a> 227\/2015 privind Codul fiscal, cu modific\u0103rile \u0219i complet\u0103rile ulterioare;<\/p>\n<p>d)\u00a0persoanele care \u00ee\u015fi desf\u0103\u015foar\u0103 activitatea \u00een func\u0163ii elective sau care sunt numite \u00een cadrul autorit\u0103\u0163ii executive, legislative ori judec\u0103tore\u015fti, pe durata mandatului, precum \u015fi membrii cooperatori dintr-o organiza\u0163ie a coopera\u0163iei me\u015fte\u015fug\u0103re\u015fti, ale c\u0103ror drepturi \u015fi obliga\u0163ii sunt asimilate, \u00een condi\u0163iile legii, cu cele ale persoanelor prev\u0103zute la lit. a)-c);<\/p>\n<p>e)\u00a0persoanele care beneficiaz\u0103 de drepturi b\u0103ne\u015fti lunare ce se asigur\u0103 din bugetul asigur\u0103rilor pentru \u015fomaj, \u00een condi\u0163iile legii;<\/p>\n<p>f)\u00a0persoanele care realizeaz\u0103 venituri din activit\u0103\u0163i independente \u015fi\/sau din drepturi de proprietate intelectual\u0103, pentru care se datoreaz\u0103 contribu\u0163ie de asigur\u0103ri sociale, potrivit\u00a0<a href=\"https:\/\/lege5.ro\/App\/Document\/g43donzvgi\/codul-fiscal-din-2015?d=2024-06-25\">Legii<\/a> 227\/2015 privind Codul fiscal, cu modific\u0103rile \u0219i complet\u0103rile ulterioare;<\/p>\n<p>g)\u00a0persoanele care desf\u0103\u015foar\u0103 activitate \u00een calitate de prestator casnic, potrivit Legii\u00a0<a href=\"https:\/\/lege5.ro\/App\/Document\/geytcmrsgq3di\/legea-nr-111-2022-privind-reglementarea-activitatii-prestatorului-casnic?d=2024-06-25\"> 111\/2022<\/a>privind reglementarea activit\u0103\u0163ii prestatorului casnic, care datoreaz\u0103 contribu\u0163ia de asigur\u0103ri sociale.<\/p>\n","protected":false},"excerpt":{"rendered":"<p>DESPRE PERSOANELE ASIGURATE OBLIGATORIU Asigura\u0163ii sistemului public de pensii pot fi cet\u0103\u0163eni rom\u00e2ni, cet\u0103\u0163eni ai altor state sau apatrizi, pe perioada \u00een care au, conform legii, domiciliul sau re\u015fedin\u0163a \u00een Rom\u00e2nia. Pot fi asigura\u0163i ai sistemului public de pensii \u015fi &hellip; <a href=\"https:\/\/www.cjpmures.ro\/?page_id=451\">Continue reading <span class=\"meta-nav\">&rarr;<\/span><\/a><\/p>\n","protected":false},"author":1,"featured_media":0,"parent":0,"menu_order":0,"comment_status":"closed","ping_status":"closed","template":"showcase.php","meta":{"footnotes":""},"class_list":["post-451","page","type-page","status-publish","hentry"],"_links":{"self":[{"href":"https:\/\/www.cjpmures.ro\/index.php?rest_route=\/wp\/v2\/pages\/451","targetHints":{"allow":["GET"]}}],"collection":[{"href":"https:\/\/www.cjpmures.ro\/index.php?rest_route=\/wp\/v2\/pages"}],"about":[{"href":"https:\/\/www.cjpmures.ro\/index.php?rest_route=\/wp\/v2\/types\/page"}],"author":[{"embeddable":true,"href":"https:\/\/www.cjpmures.ro\/index.php?rest_route=\/wp\/v2\/users\/1"}],"replies":[{"embeddable":true,"href":"https:\/\/www.cjpmures.ro\/index.php?rest_route=%2Fwp%2Fv2%2Fcomments&post=451"}],"version-history":[{"count":8,"href":"https:\/\/www.cjpmures.ro\/index.php?rest_route=\/wp\/v2\/pages\/451\/revisions"}],"predecessor-version":[{"id":4264,"href":"https:\/\/www.cjpmures.ro\/index.php?rest_route=\/wp\/v2\/pages\/451\/revisions\/4264"}],"wp:attachment":[{"href":"https:\/\/www.cjpmures.ro\/index.php?rest_route=%2Fwp%2Fv2%2Fmedia&parent=451"}],"curies":[{"name":"wp","href":"https:\/\/api.w.org\/{rel}","templated":true}]}}