{"id":45,"date":"2014-05-24T15:22:04","date_gmt":"2014-05-24T15:22:04","guid":{"rendered":"http:\/\/www.cjpmures.ro\/?page_id=45"},"modified":"2025-02-10T13:37:01","modified_gmt":"2025-02-10T13:37:01","slug":"anticipata","status":"publish","type":"page","link":"https:\/\/www.cjpmures.ro\/?page_id=45","title":{"rendered":"Anticipat\u0103"},"content":{"rendered":"<h3><strong>Pensia anticipat\u0103<\/strong><\/h3>\n<hr \/>\n<p><strong>\u00a0<\/strong>PENSIE ANTICIPATA se cuvine, cu cel mult 5 ani \u00eenaintea \u00eemplinirii v\u00e2rstei standard de pensionare, persoanelor care au realizat un stagiu complet\u00a0 de cotizare contributiv, prev\u0103zut in anexa nr. 5 de Legea 360\/2023, precum si celor care au depasit stagiul complet de cotizare contributiv cu pana la 5 ani.<\/p>\n<p style=\"text-align: justify;\">\u00a0<strong>Acte necesare:<\/strong><\/p>\n<p style=\"text-align: justify;\">\u25cfcerere pentru inscrierea la pensie anticipata;<br \/>\n\u25cfcarnetul de munca(original si copie)<br \/>\n\u25cfalte acte prevazute de lege privind vechimea in munca sau vechimea in serviciu realizata in alte sectoare de actvitate;<br \/>\n\u25cfadeverinta privind sporurile si adaosurile reglementate prin lege sau prin contractuil colectiv\/individual de munca;<br \/>\n\u25cfadeverinta privind conditiile de munca speciale si\/sau deosebite;<br \/>\n\u25cfprocura speciala pentru mandatar, daca este cazul;<br \/>\n\u25cfadeverinta din care sa rezulte data incetarii calitatii de asigurat;<br \/>\n\u25cfacte pentru dovedirea calitatii de beneficiar al Decretului-lege nr. 118\/1990, Legii nr. 42\/1990 etc.<br \/>\n\u25cfadeverinta eliberata de angajator\/angajatorii la care is desfasoara activitatea, cu datele de identificare ale acestuia\/acestora, in vederea informarii cu privire la emiterea deciziei de pensie, conform art. 93 alin (7) din Legea 360\/2023.<\/p>\n","protected":false},"excerpt":{"rendered":"<p>Pensia anticipat\u0103 \u00a0PENSIE ANTICIPATA se cuvine, cu cel mult 5 ani \u00eenaintea \u00eemplinirii v\u00e2rstei standard de pensionare, persoanelor care au realizat un stagiu complet\u00a0 de cotizare contributiv, prev\u0103zut in anexa nr. 5 de Legea 360\/2023, precum si celor care au &hellip; <a href=\"https:\/\/www.cjpmures.ro\/?page_id=45\">Continue reading <span class=\"meta-nav\">&rarr;<\/span><\/a><\/p>\n","protected":false},"author":1,"featured_media":0,"parent":0,"menu_order":0,"comment_status":"closed","ping_status":"closed","template":"showcase.php","meta":{"footnotes":""},"class_list":["post-45","page","type-page","status-publish","hentry"],"_links":{"self":[{"href":"https:\/\/www.cjpmures.ro\/index.php?rest_route=\/wp\/v2\/pages\/45","targetHints":{"allow":["GET"]}}],"collection":[{"href":"https:\/\/www.cjpmures.ro\/index.php?rest_route=\/wp\/v2\/pages"}],"about":[{"href":"https:\/\/www.cjpmures.ro\/index.php?rest_route=\/wp\/v2\/types\/page"}],"author":[{"embeddable":true,"href":"https:\/\/www.cjpmures.ro\/index.php?rest_route=\/wp\/v2\/users\/1"}],"replies":[{"embeddable":true,"href":"https:\/\/www.cjpmures.ro\/index.php?rest_route=%2Fwp%2Fv2%2Fcomments&post=45"}],"version-history":[{"count":9,"href":"https:\/\/www.cjpmures.ro\/index.php?rest_route=\/wp\/v2\/pages\/45\/revisions"}],"predecessor-version":[{"id":4289,"href":"https:\/\/www.cjpmures.ro\/index.php?rest_route=\/wp\/v2\/pages\/45\/revisions\/4289"}],"wp:attachment":[{"href":"https:\/\/www.cjpmures.ro\/index.php?rest_route=%2Fwp%2Fv2%2Fmedia&parent=45"}],"curies":[{"name":"wp","href":"https:\/\/api.w.org\/{rel}","templated":true}]}}