{"id":446,"date":"2014-05-30T15:46:43","date_gmt":"2014-05-30T15:46:43","guid":{"rendered":"http:\/\/www.cjpmures.ro\/?page_id=446"},"modified":"2023-07-20T10:09:03","modified_gmt":"2023-07-20T10:09:03","slug":"notificari-pentru-form-e101","status":"publish","type":"page","link":"https:\/\/www.cjpmures.ro\/?page_id=446","title":{"rendered":"Notific\u0103ri pt. form. E101"},"content":{"rendered":"<h3><strong>Notific\u0103ri pentru formularul E101<br \/>\n<\/strong><\/h3>\n<hr \/>\n<p style=\"text-align: justify;\"><strong>\u00a0<\/strong><strong>\u00cen rela\u0163ie cu Republica Federal\u0103 Germania:<\/strong><\/p>\n<p style=\"text-align: justify;\"><strong>&#8211; d<\/strong><strong>ocumente<\/strong> necesare pentru emiterea \u201c<strong><em>Notific\u0103rilor referitoare la calitatea de neasigurat \u00a0\u00een sistemul de securitate social\u0103 din Rom\u00e2nia\u201d <\/em><\/strong>sunt:<\/p>\n<p style=\"text-align: justify;\">\u00a0 \u00a0 \u00a0 \u00a0 -cerere tip (formular <strong><a href=\"https:\/\/www.cjpmures.ro\/wp-content\/uploads\/2014\/05\/cerere-negatii.pdf\">descarc\u0103 aici<\/a><\/strong>),<\/p>\n<p style=\"text-align: justify;\">\u00a0 \u00a0 \u00a0 \u00a0 -buletin\/carte de identitate;<\/p>\n<p style=\"text-align: justify;\">\u00a0 \u00a0 \u00a0 \u00a0-decizie \u00eencetare contract individual de munc\u0103, emis\u0103 de ultimul angajator (pentru perioada 2022-2023),<\/p>\n<p style=\"text-align: justify;\"><em>\u00a0 \u00a0 \u00a0 \u00a0 \u00a0 \u00a0 sau \u00a0 \u00a0 \u00a0\u00a0<\/em><\/p>\n<p style=\"text-align: justify;\"><em>\u00a0 \u00a0 \u00a0 \u00a0&#8211;<\/em>adeverin\u0163\u0103 concediu f\u0103r\u0103 salariu, emis\u0103 de ultimul angajator (pentru perioada 2022-2023);<\/p>\n<p style=\"text-align: justify;\">\u00a0 \u00a0 \u00a0 \u00a0 -contractul \u00eencheiat cu angajatorul din\u00a0 Germania \u2013 <em>dac\u0103 exist\u0103<\/em>.<\/p>\n<p style=\"text-align: justify;\">\u00a0 <strong>Depunerea cererii \u015fi eliberarea Notific\u0103rii<\/strong> \u2013 la <strong>GHI\u015eEUL nr. 10<\/strong>.<\/p>\n<p style=\"text-align: justify;\"><strong>Aten\u0163ie!<\/strong>\u00a0 pentru persoanele care au contract individual de munc\u0103 \u00een derulare sau realizeaz\u0103 venituri din activit\u0103\u0163i independente \u015fi se afl\u0103 \u00een eviden\u0163a specific\u0103 a Direc\u0163iei Finan\u0163elor Publice Mure\u015f <strong>nu trebuie solicitat\u0103 <\/strong>\u015fi <strong>nu<\/strong><strong> se elibereaz\u0103 Notificarea<\/strong>, deoarece acestea sunt deja asigurate \u00een sistemul public de pensii din Rom\u00e2nia.<\/p>\n","protected":false},"excerpt":{"rendered":"<p>Notific\u0103ri pentru formularul E101 \u00a0\u00cen rela\u0163ie cu Republica Federal\u0103 Germania: &#8211; documente necesare pentru emiterea \u201cNotific\u0103rilor referitoare la calitatea de neasigurat \u00a0\u00een sistemul de securitate social\u0103 din Rom\u00e2nia\u201d sunt: \u00a0 \u00a0 \u00a0 \u00a0 -cerere tip (formular descarc\u0103 aici), \u00a0 \u00a0 &hellip; <a href=\"https:\/\/www.cjpmures.ro\/?page_id=446\">Continue reading <span class=\"meta-nav\">&rarr;<\/span><\/a><\/p>\n","protected":false},"author":1,"featured_media":0,"parent":0,"menu_order":0,"comment_status":"closed","ping_status":"closed","template":"showcase.php","meta":{"footnotes":""},"class_list":["post-446","page","type-page","status-publish","hentry"],"_links":{"self":[{"href":"https:\/\/www.cjpmures.ro\/index.php?rest_route=\/wp\/v2\/pages\/446","targetHints":{"allow":["GET"]}}],"collection":[{"href":"https:\/\/www.cjpmures.ro\/index.php?rest_route=\/wp\/v2\/pages"}],"about":[{"href":"https:\/\/www.cjpmures.ro\/index.php?rest_route=\/wp\/v2\/types\/page"}],"author":[{"embeddable":true,"href":"https:\/\/www.cjpmures.ro\/index.php?rest_route=\/wp\/v2\/users\/1"}],"replies":[{"embeddable":true,"href":"https:\/\/www.cjpmures.ro\/index.php?rest_route=%2Fwp%2Fv2%2Fcomments&post=446"}],"version-history":[{"count":13,"href":"https:\/\/www.cjpmures.ro\/index.php?rest_route=\/wp\/v2\/pages\/446\/revisions"}],"predecessor-version":[{"id":3597,"href":"https:\/\/www.cjpmures.ro\/index.php?rest_route=\/wp\/v2\/pages\/446\/revisions\/3597"}],"wp:attachment":[{"href":"https:\/\/www.cjpmures.ro\/index.php?rest_route=%2Fwp%2Fv2%2Fmedia&parent=446"}],"curies":[{"name":"wp","href":"https:\/\/api.w.org\/{rel}","templated":true}]}}