{"id":441,"date":"2014-05-30T15:35:24","date_gmt":"2014-05-30T15:35:24","guid":{"rendered":"http:\/\/www.cjpmures.ro\/?page_id=441"},"modified":"2020-05-18T11:40:15","modified_gmt":"2020-05-18T11:40:15","slug":"adev-de-stagiu-de-cotizare","status":"publish","type":"page","link":"https:\/\/www.cjpmures.ro\/?page_id=441","title":{"rendered":"Adev. de stagiu"},"content":{"rendered":"<h3><strong>ADEVERIN\u0162E DE STAGIU DE COTIZARE<br \/><\/strong><\/h3>\n<hr \/>\n<p style=\"text-align: justify;\">Adeverin\u0163ele cu stagiile de cotizare realizate <em>dup\u0103 01.04.2001<\/em> se elibereaz\u0103 pentru asigura\u0163ii sistemului public de pensii afla\u0163i \u00een eviden\u0163a C.J.P. Mure\u015f, la <strong>GHI\u015eEUL nr. 8\u00a0<\/strong>:<\/p>\n<p style=\"text-align: justify;\">\u00a0a)\u00a0 <strong>ca document in dosarul de pensie<\/strong> \u2013 caz in care solicitantul completeaz\u0103 <strong><em>cererea de eliberare a adeverin\u0163elor de stagii de cotizare<\/em><\/strong> \u2013 (formular tipizat (1a)\u00a0<strong><a href=\"https:\/\/www.cjpmures.ro\/wp-content\/uploads\/2014\/05\/cerere-adeverinta-pensie.pdf\">descarc\u0103 aici<\/a>) <\/strong><em>&#8211;\u00a0 <\/em>pe care o va ata\u015fa celorlalte acte din dosarul de\u00a0 solicitare a drepturilor de pensii;<\/p>\n<p style=\"text-align: justify;\">b)<strong>\u00a0 oric\u00e2nd, la cererea persoanei asigurate<\/strong> &#8211; (cererea-tip &#8211; <strong><a href=\"https:\/\/www.cjpmures.ro\/wp-content\/uploads\/2014\/05\/cerere-adeverinta-asigurat.pdf\">descarc\u0103 aici<\/a><\/strong>\u00a0);<\/p>\n<p style=\"text-align: justify;\">c)\u00a0<strong>la cererea angajatorului<\/strong> &#8211; \u00a0\u00een vederea ob\u0163inerii documentului portabil A1 pentru angaja\u0163i (<strong><a href=\"https:\/\/www.cjpmures.ro\/wp-content\/uploads\/2020\/03\/cerere-adeverinta-angajatori-A1.pdf\">descarc\u0103 aici<\/a><\/strong>).<\/p>\n\n\n<p><\/p>\n","protected":false},"excerpt":{"rendered":"<p>ADEVERIN\u0162E DE STAGIU DE COTIZARE Adeverin\u0163ele cu stagiile de cotizare realizate dup\u0103 01.04.2001 se elibereaz\u0103 pentru asigura\u0163ii sistemului public de pensii afla\u0163i \u00een eviden\u0163a C.J.P. Mure\u015f, la GHI\u015eEUL nr. 8\u00a0: \u00a0a)\u00a0 ca document in dosarul de pensie \u2013 caz in &hellip; <a href=\"https:\/\/www.cjpmures.ro\/?page_id=441\">Continue reading <span class=\"meta-nav\">&rarr;<\/span><\/a><\/p>\n","protected":false},"author":1,"featured_media":0,"parent":0,"menu_order":0,"comment_status":"closed","ping_status":"closed","template":"showcase.php","meta":{"footnotes":""},"class_list":["post-441","page","type-page","status-publish","hentry"],"_links":{"self":[{"href":"https:\/\/www.cjpmures.ro\/index.php?rest_route=\/wp\/v2\/pages\/441","targetHints":{"allow":["GET"]}}],"collection":[{"href":"https:\/\/www.cjpmures.ro\/index.php?rest_route=\/wp\/v2\/pages"}],"about":[{"href":"https:\/\/www.cjpmures.ro\/index.php?rest_route=\/wp\/v2\/types\/page"}],"author":[{"embeddable":true,"href":"https:\/\/www.cjpmures.ro\/index.php?rest_route=\/wp\/v2\/users\/1"}],"replies":[{"embeddable":true,"href":"https:\/\/www.cjpmures.ro\/index.php?rest_route=%2Fwp%2Fv2%2Fcomments&post=441"}],"version-history":[{"count":8,"href":"https:\/\/www.cjpmures.ro\/index.php?rest_route=\/wp\/v2\/pages\/441\/revisions"}],"predecessor-version":[{"id":1997,"href":"https:\/\/www.cjpmures.ro\/index.php?rest_route=\/wp\/v2\/pages\/441\/revisions\/1997"}],"wp:attachment":[{"href":"https:\/\/www.cjpmures.ro\/index.php?rest_route=%2Fwp%2Fv2%2Fmedia&parent=441"}],"curies":[{"name":"wp","href":"https:\/\/api.w.org\/{rel}","templated":true}]}}