{"id":39,"date":"2014-05-24T15:20:03","date_gmt":"2014-05-24T15:20:03","guid":{"rendered":"http:\/\/www.cjpmures.ro\/?page_id=39"},"modified":"2025-02-10T13:35:51","modified_gmt":"2025-02-10T13:35:51","slug":"limita-de-varsta","status":"publish","type":"page","link":"https:\/\/www.cjpmures.ro\/?page_id=39","title":{"rendered":"Limita de v\u00e2rst\u0103"},"content":{"rendered":"<h3 style=\"text-align: justify;\"><strong>Pensia pentru limita de v\u00e2rst\u0103<\/strong><\/h3>\n<hr \/>\n<p style=\"text-align: justify;\">Pentru obtinerea unei pensii pentru limita de varsta este necesara indeplinirea cumulativa a doua conditii:<\/p>\n<p style=\"text-align: justify;\">\u25cf implinirea varstei-standard de pensionare;<br \/>\n\u25cf realizarea stagiului minim de cotizare contributiv in sistemul public.<\/p>\n<p style=\"text-align: justify;\">VARSTA-STANDARD DE PENSIONARE este de 65 de ani pentru b\u0103rba\u0163i \u015fi 65 de ani pentru femei. Atingerea acestei v\u00e2rste se realizeaz\u0103 prin cre\u015fterea v\u00e2rstelor standard de pensionare, conform e\u015falon\u0103rii prev\u0103zute \u00een anexa nr. 5.<\/p>\n<p style=\"text-align: justify;\">STAGIUL MINIM DE COTIZARE CONTRIBUTIV este de 15 ani, at\u00e2t pentru femei, c\u00e2t \u015fi pentru b\u0103rba\u0163i.<\/p>\n<p style=\"text-align: justify;\">STAGIUL COMPLET DE COTIZARE CONTRIBUTIV, este de 35 de ani, at\u00e2t pentru femei, c\u00e2t \u015fi pentru b\u0103rba\u0163i. Atingerea acestui stagiu se realizeaz\u0103 prin cre\u015fterea stagiului complet de cotizare, conform e\u015falon\u0103rii prev\u0103zute \u00een anexa nr. 5.<\/p>\n<p style=\"text-align: justify;\"><strong>\u00a0Acte necesare:<\/strong><\/p>\n<p style=\"text-align: justify;\">\u25cf cerere pentru inscrierea la pensie pentru limita de varsta;<br \/>\n\u25cf carnetul de munca(original si copie);<br \/>\n\u25cfalte acte prevazute de lege privind vechimea in munca sau vechimea in serviciu realizata in alte sectoare de actvitate;<br \/>\n\u25cf livretul militar(original si copie);<br \/>\n\u25cf diploma de studii(original si copie) sau adeverinta din care sa rezulte durata normala si perioada studiilor, precum si certificarea absolvirii acestora;<br \/>\n\u25cf pentru persoanele care au urmat cursurile unor institutii de invatamant universitar in strainatate este necesara dovada recunoasterii acestora de catre statul roman;<br \/>\n\u25cf adeverinta privind sporurile si adaosurile reglementate prin lege sau prin contractuil colectiv\/individual de munca;<br \/>\n\u25cf adeverinta privind conditiile de munca speciale si\/sau deosebite;<br \/>\n\u25cf procura speciala pentru mandatar, daca este cazul(pentru cetateni straini si\/sau romani cu domiciliul in strainatate exista posibiltatea emiterii unei procuri speciale, valabila pentru o perioada de 18 luni, prin care sa fie desemnata, in calitate de mandatar, o persoana care urmeaza a efectua, in numele titularului, toate operatiunile legate de stabilirea dreptului la pensie si incasarea pensiei cuvenite).<br \/>\n\u25cfacte pentru dovedirea calitatii de beneficiar al Decretului-lege nr. 118\/1990, Legii nr. 42\/1990 etc.<br \/>\n\u25cf adeverinta eliberata de angajator\/angajatorii la care is desfasoara activitatea, cu datele de identificare ale acestuia\/acestora, in vederea informarii cu privire la emiterea deciziei de pensie, conform art. 93 alin (7) din Legea 360\/2023.<\/p>\n","protected":false},"excerpt":{"rendered":"<p>Pensia pentru limita de v\u00e2rst\u0103 Pentru obtinerea unei pensii pentru limita de varsta este necesara indeplinirea cumulativa a doua conditii: \u25cf implinirea varstei-standard de pensionare; \u25cf realizarea stagiului minim de cotizare contributiv in sistemul public. VARSTA-STANDARD DE PENSIONARE este de &hellip; <a href=\"https:\/\/www.cjpmures.ro\/?page_id=39\">Continue reading <span class=\"meta-nav\">&rarr;<\/span><\/a><\/p>\n","protected":false},"author":1,"featured_media":0,"parent":0,"menu_order":0,"comment_status":"closed","ping_status":"closed","template":"showcase.php","meta":{"footnotes":""},"class_list":["post-39","page","type-page","status-publish","hentry"],"_links":{"self":[{"href":"https:\/\/www.cjpmures.ro\/index.php?rest_route=\/wp\/v2\/pages\/39","targetHints":{"allow":["GET"]}}],"collection":[{"href":"https:\/\/www.cjpmures.ro\/index.php?rest_route=\/wp\/v2\/pages"}],"about":[{"href":"https:\/\/www.cjpmures.ro\/index.php?rest_route=\/wp\/v2\/types\/page"}],"author":[{"embeddable":true,"href":"https:\/\/www.cjpmures.ro\/index.php?rest_route=\/wp\/v2\/users\/1"}],"replies":[{"embeddable":true,"href":"https:\/\/www.cjpmures.ro\/index.php?rest_route=%2Fwp%2Fv2%2Fcomments&post=39"}],"version-history":[{"count":7,"href":"https:\/\/www.cjpmures.ro\/index.php?rest_route=\/wp\/v2\/pages\/39\/revisions"}],"predecessor-version":[{"id":4287,"href":"https:\/\/www.cjpmures.ro\/index.php?rest_route=\/wp\/v2\/pages\/39\/revisions\/4287"}],"wp:attachment":[{"href":"https:\/\/www.cjpmures.ro\/index.php?rest_route=%2Fwp%2Fv2%2Fmedia&parent=39"}],"curies":[{"name":"wp","href":"https:\/\/api.w.org\/{rel}","templated":true}]}}