{"id":12,"date":"2014-05-24T14:50:57","date_gmt":"2014-05-24T14:50:57","guid":{"rendered":"http:\/\/www.cjpmures.ro\/?page_id=12"},"modified":"2024-02-26T07:16:16","modified_gmt":"2024-02-26T07:16:16","slug":"atributii-generale","status":"publish","type":"page","link":"https:\/\/www.cjpmures.ro\/?page_id=12","title":{"rendered":"Integritate institu\u021bional\u0103"},"content":{"rendered":"<h3 style=\"text-align: justify;\"><strong>integritate institu\u021bional\u0103<\/strong><\/h3>\n<hr \/>\n<h4 style=\"text-align: justify;\">\u25cf <strong><a href=\"https:\/\/www.cjpmures.ro\/wp-content\/uploads\/2022\/07\/cod-de-etica-si-conduita-profesionala.pdf\">Cod etic\/ deontologic\/ de conduit\u0103;<\/a><\/strong><\/h4>\n<h4 style=\"text-align: justify;\">\u25cf<strong><a href=\"https:\/\/www.cjpmures.ro\/wp-content\/uploads\/2022\/07\/pv-bunuri-titlu-gratuit.pdf\">Lista cuprinz\u00e2nd cadourile primite, potrivit Legii nr. 251\/2004 privind unele m\u0103suri referitoare la bunurile primite cu titlu gratuit cu prilejul unor ac\u021biuni de protocol \u00een exercitarea mandatului sau a func\u021biei \u0219i destina\u021bia acestora;<\/a><\/strong><\/h4>\n<h4 style=\"text-align: justify;\">\u25cf <strong><a href=\"https:\/\/www.cjpmures.ro\/wp-content\/uploads\/2022\/07\/actualizare.pdf\">Mecanismul de raportare a \u00eenc\u0103lc\u0103rilor legii;<\/a><\/strong><\/h4>\n<h4 style=\"text-align: justify;\">\u25cf<strong> <a href=\"https:\/\/www.cjpmures.ro\/wp-content\/uploads\/2022\/07\/declaratie-integritate.pdf\">Declara\u021bia privind asumarea unei agende de integritate organiza\u021bional\u0103;<\/a><\/strong><\/h4>\n<h4 style=\"text-align: justify;\">\u25cf<strong> <a href=\"https:\/\/www.cjpmures.ro\/wp-content\/uploads\/2024\/02\/Plan-de-integritate-2023.pdf\">Planul de integritate al institu\u021biei;<\/a><\/strong><\/h4>\n<h4 style=\"text-align: justify;\">\u25cf <strong><a href=\"https:\/\/www.cjpmures.ro\/wp-content\/uploads\/2022\/07\/Raport-eval-incidente-de-integritate-an-2021-CJP-Mures.pdf\">Stadiul implement\u0103rii m\u0103surilor prev\u0103zute \u00een SNA \u0219i \u00een Planul de integritate;<\/a><\/strong><\/h4>\n<h4 style=\"text-align: justify;\">\u25cf<strong><a href=\"https:\/\/www.cjpmures.ro\/wp-content\/uploads\/2022\/07\/Situatia-incidentelor-de-integritare-01.01.2021-31.12.2021-CJP-Mures.pdf\">Situa\u021bia incidentelor de integritate \u0219i m\u0103surile adoptate pentru remedierea aspectelor care au favorizat producerea incidentului;<\/a><\/strong><\/h4>\n<h4 style=\"text-align: justify;\">\u25cf <strong><a href=\"https:\/\/www.cjpmures.ro\/wp-content\/uploads\/2022\/07\/Materiale-informative.pdf\">Studii \/ Cercet\u0103ri\/ Ghiduri\/ Materiale informative relevante<\/a><br \/>\n<\/strong><\/h4>\n<h4 style=\"text-align: justify;\">\u25cf <strong><a href=\"https:\/\/www.cjpmures.ro\/wp-content\/uploads\/2024\/02\/Procedura-privind-avertizorul-in-interes-public.pdf\">Procedura privind avertizorul in interes public<\/a><\/strong><\/h4>\n<h4 style=\"text-align: justify;\">\u25cf<strong> <a href=\"https:\/\/www.cjpmures.ro\/wp-content\/uploads\/2024\/02\/Raport-anual-priv-eval-incidentelor-de-integritate-pt-2023.pdf\">Raport anual privind evaluarea incidentelor de integritate pentru\u00a0 anul 2023<\/a><\/strong><\/h4>\n<h4 style=\"text-align: justify;\"><\/h4>\n<h4 style=\"text-align: justify;\"><strong><\/p>\n<p><\/strong><\/h4>\n","protected":false},"excerpt":{"rendered":"<p>integritate institu\u021bional\u0103 \u25cf Cod etic\/ deontologic\/ de conduit\u0103; \u25cfLista cuprinz\u00e2nd cadourile primite, potrivit Legii nr. 251\/2004 privind unele m\u0103suri referitoare la bunurile primite cu titlu gratuit cu prilejul unor ac\u021biuni de protocol \u00een exercitarea mandatului sau a func\u021biei \u0219i destina\u021bia &hellip; <a href=\"https:\/\/www.cjpmures.ro\/?page_id=12\">Continue reading <span class=\"meta-nav\">&rarr;<\/span><\/a><\/p>\n","protected":false},"author":1,"featured_media":0,"parent":0,"menu_order":0,"comment_status":"closed","ping_status":"closed","template":"showcase.php","meta":{"footnotes":""},"class_list":["post-12","page","type-page","status-publish","hentry"],"_links":{"self":[{"href":"https:\/\/www.cjpmures.ro\/index.php?rest_route=\/wp\/v2\/pages\/12","targetHints":{"allow":["GET"]}}],"collection":[{"href":"https:\/\/www.cjpmures.ro\/index.php?rest_route=\/wp\/v2\/pages"}],"about":[{"href":"https:\/\/www.cjpmures.ro\/index.php?rest_route=\/wp\/v2\/types\/page"}],"author":[{"embeddable":true,"href":"https:\/\/www.cjpmures.ro\/index.php?rest_route=\/wp\/v2\/users\/1"}],"replies":[{"embeddable":true,"href":"https:\/\/www.cjpmures.ro\/index.php?rest_route=%2Fwp%2Fv2%2Fcomments&post=12"}],"version-history":[{"count":32,"href":"https:\/\/www.cjpmures.ro\/index.php?rest_route=\/wp\/v2\/pages\/12\/revisions"}],"predecessor-version":[{"id":3768,"href":"https:\/\/www.cjpmures.ro\/index.php?rest_route=\/wp\/v2\/pages\/12\/revisions\/3768"}],"wp:attachment":[{"href":"https:\/\/www.cjpmures.ro\/index.php?rest_route=%2Fwp%2Fv2%2Fmedia&parent=12"}],"curies":[{"name":"wp","href":"https:\/\/api.w.org\/{rel}","templated":true}]}}