{"id":103,"date":"2014-05-24T16:13:13","date_gmt":"2014-05-24T16:13:13","guid":{"rendered":"http:\/\/www.cjpmures.ro\/?page_id=103"},"modified":"2026-03-16T12:20:08","modified_gmt":"2026-03-16T12:20:08","slug":"despre-noi","status":"publish","type":"page","link":"https:\/\/www.cjpmures.ro\/?page_id=103","title":{"rendered":"Interes public"},"content":{"rendered":"<hr \/>\n<h3 style=\"text-align: justify;\"><strong>informa\u021bii de interes public<\/strong><\/h3>\n<hr \/>\n<p style=\"text-align: justify;\">Institu\u0163ia noastr\u0103 este organizat\u0103 \u015fi func\u0163ioneaz\u0103 ca serviciu public descentralizat \u00een subordinea Casei Na\u0163ionale de Pensii Publice &#8211; CNPP, fiind investit\u0103 ini\u0163ial cu personalitate juridic\u0103 \u00een baza prevederilor Legii nr. 19\/2000 privind sistemul public de pensii si alte drepturi de asigurari sociale \u015fi a H.G. nr. 13\/08.01.2004 modificat\u0103 \u015fi actualizat\u0103 la zi, privind statutul CNPAS (\u00een prezent CNPP).<\/p>\n<p style=\"text-align: justify;\">\u00cen prezent institu\u0163ia noastr\u0103 \u00ee\u015fi desf\u0103\u015foar\u0103 activitatea \u00een temeiul prevederilor Legii nr. 263\/2010 privind sistemul unitar de pensii publice.<\/p>\n<p style=\"text-align: justify;\">Institu\u0163ia asigur\u0103 aplicarea \u00een jude\u0163ul Mure\u0219 a legisla\u0163iei din domeniul asigur\u0103rilor sociale de stat precum \u015fi din domeniul accidentelor de munc\u0103 \u015fi bolilor profesionale.<\/p>\n<hr \/>\n<p>\u25cf <strong>Conducere:<\/strong><\/p>\n<p>Director Executiv: <strong>Stoica Stelian<\/strong><\/p>\n<p>&nbsp;<\/p>\n<p><strong><a href=\"https:\/\/www.cjpmures.ro\/wp-content\/uploads\/2025\/06\/agenda-conducerii.pdf\">Agenda conducerii<\/a><\/strong><\/p>\n<hr \/>\n<p><strong>\u25cf Formular acreditare: <a href=\"https:\/\/www.cjpmures.ro\/wp-content\/uploads\/2020\/08\/formular-acreditare-cjpmures.pdf\">descarca<\/a><\/strong><\/p>\n<hr \/>\n<p><strong>\u25cf Solicitare informa\u0163ii. Legisla\u0163ie:<\/strong><\/p>\n<p style=\"text-align: justify;\">Persoana responsabil\u0103 cu difuzarea informa\u0163iilor publice: <strong>R\u0103st\u0103\u015fan Roxana<\/strong> &#8211; consilier superior Compartiment Comunicare \u015fi Rela\u0163ii Publice, tel.: <strong>0265-311021<\/strong>, e-mail: <strong>cjpmures@cjpmures.ro<\/strong><\/p>\n<hr \/>\n<p style=\"text-align: center;\"><span style=\"color: #000000;\"><strong>Buletin Informativ (Legea 544\/2001):<\/strong><\/span><\/p>\n<p style=\"text-align: justify;\">Legea 544\/2001 privind liberul acces la informa\u0163iile de interes public &#8211;\u00a0<strong><a href=\"https:\/\/www.cjpmures.ro\/wp-content\/uploads\/2014\/05\/Legea-544_2001.pdf\">descarc\u0103<\/a><\/strong><\/p>\n<p style=\"text-align: justify;\">H.G. 123\/2002 &#8211; norme metodologice de aplicare a Legii 544\/2001\u00a0privind liberul acces la informa\u0163iile de interes public &#8211;\u00a0<strong><a href=\"https:\/\/www.cjpmures.ro\/wp-content\/uploads\/2014\/05\/hg-123_2002.pdf\">descarc\u0103<\/a><\/strong><\/p>\n<p style=\"text-align: justify;\">Formular pentru solicitare \u00een baza Legii 544\/2001 &#8211;\u00a0<strong><a href=\"https:\/\/www.cjpmures.ro\/wp-content\/uploads\/2014\/05\/formular-lg-544.pdf\">descarc\u0103<\/a><\/strong><\/p>\n<p style=\"text-align: justify;\">Reclama\u0163ie administrativ\u0103 &#8211; refuz &#8211;<strong>\u00a0<a href=\"https:\/\/www.cjpmures.ro\/wp-content\/uploads\/2014\/05\/reclamatie-administrativa.pdf\">descarc\u0103<\/a><\/strong><\/p>\n<p style=\"text-align: justify;\">Reclama\u0163ie administrativ\u0103 &#8211; netrimitere in termenul legal &#8211;\u00a0<strong><a href=\"https:\/\/www.cjpmures.ro\/wp-content\/uploads\/2014\/05\/netrimitere.pdf\">descarc\u0103<\/a><\/strong><\/p>\n<hr \/>\n<p style=\"text-align: justify;\"><strong>\u25cf Rapoarte de aplicare \u00a0a Legii 544\/2001:<\/strong><\/p>\n<p style=\"text-align: justify;\"><strong><a href=\"https:\/\/www.cjpmures.ro\/wp-content\/uploads\/2014\/05\/raport-lg-544.pdf\">Raport de evaluare a implement\u0103rii Legii nr. 544\/2001 \u00een anul 2025<\/a><\/strong><\/p>\n<hr \/>\n<p style=\"text-align: justify;\"><strong>\u25cf <a href=\"https:\/\/www.cjpmures.ro\/wp-content\/uploads\/2014\/05\/raport-activitate-cjp-mures.pdf\">Raport de activitate a Casei Jude\u0163ene de Pensii Mure\u015f &#8211; anul 2025<\/a>\u00a0<\/strong><\/p>\n<hr \/>\n<p>\u25cf <strong><a href=\"https:\/\/www.cjpmures.ro\/wp-content\/uploads\/2014\/05\/structura-organizatorica.pdf\">Structura organizatoric\u0103<\/a><\/strong><\/p>\n<hr \/>\n<p><strong>\u25cf\u00a0<a href=\"https:\/\/www.cjpmures.ro\/wp-content\/uploads\/2014\/05\/ROF.pdf\">Regulament de organizare \u015fi func\u0163ionare al C.J.P. Mure\u015f<\/a><\/strong><\/p>\n<hr \/>\n<p>\u25cf <strong>Bilan\u0163uri contabile:<\/strong><\/p>\n<p><strong><a href=\"https:\/\/www.cjpmures.ro\/wp-content\/uploads\/2014\/05\/bilanturi-contabile-la-31_12.pdf\">Bilan\u0163 contabil la 31.12.2025<\/a><\/strong><\/p>\n<hr \/>\n<p>\u25cf <strong>Bugete venituri \u015fi cheltuieli:<\/strong><\/p>\n<p><strong><a href=\"https:\/\/www.cjpmures.ro\/wp-content\/uploads\/2014\/05\/bugete-de-venituri-si-cheltuieli.pdf\">Bugete de venituri \u015fi cheltuieli<\/a><\/strong><\/p>\n<hr \/>\n<p><strong>\u25cf Programul anual al achizi\u0163iilor publice:<\/strong><\/p>\n<p><strong><a href=\"https:\/\/www.cjpmures.ro\/wp-content\/uploads\/2018\/03\/Program-anual-al-achizitiilor-publice.pdf\">Program achizi\u0163ii publice 2025<\/a><br \/><\/strong><\/p>\n<hr \/>\n<p>\u25cf <strong><a href=\"https:\/\/www.cjpmures.ro\/wp-content\/uploads\/2018\/03\/pv-bunuri-titlu-gratuit.pdf\">Proces verbal inventariere bunuri primite cu titlu gratuit<\/a><\/strong><\/p>\n<hr \/>\n<p>\u25cf <strong><a href=\"https:\/\/www.cjpmures.ro\/wp-content\/uploads\/2019\/03\/lista-cladiri-incalzite.pdf\">Lista cl\u0103dirilor \u00eenc\u0103lzite \u0219i\/sau r\u0103cite<\/a><\/strong><\/p>\n<hr \/>\n<p>\u25cf<strong> <a href=\"https:\/\/www.cjpmures.ro\/wp-content\/uploads\/2021\/08\/centralizator-contracte.pdf\">Centralizator Contracte CJP Mure\u015f 2025-2026<\/a><\/strong><\/p>\n<hr \/>\n<p>\u25cf <strong><a href=\"https:\/\/www.cjpmures.ro\/wp-content\/uploads\/2020\/02\/lista-documente-interes-public.pdf\">Lista cu documentele de interes public<\/a><\/strong><\/p>\n<hr \/>\n<p>\u25cf <strong><a href=\"https:\/\/www.cjpmures.ro\/wp-content\/uploads\/2020\/02\/lista-categorii-documente.pdf\">Lista cu categoriile de documente produse \u015fi\/sau gestionate de institu\u0163ie<\/a><\/strong><\/p>\n<hr \/>\n<p>\u25cf <strong><a href=\"https:\/\/www.cjpmures.ro\/wp-content\/uploads\/2020\/05\/comisia-paritara.pdf\">Comisia paritara<\/a><br \/><\/strong><\/p>\n<hr \/>\n<p>\u25cf<strong><a href=\"https:\/\/www.cjpmures.ro\/wp-content\/uploads\/2022\/03\/declaratie-integritate.pdf\">Declaratie privind asumarea agendei de integritate organizationala<\/a><\/strong><\/p>\n<hr \/>\n<p>\u25cf <strong>Transparen\u0163a veniturilor salariale:<\/strong><\/p>\n<p><strong><a href=\"https:\/\/www.cjpmures.ro\/wp-content\/uploads\/2021\/11\/v-martie-2017.pdf\">31 Martie 2017<\/a><br \/><a href=\"https:\/\/www.cjpmures.ro\/wp-content\/uploads\/2021\/11\/v-septembrie-2017.pdf\">30 Septembrie 2017<\/a><br \/><\/strong><strong><a href=\"https:\/\/www.cjpmures.ro\/wp-content\/uploads\/2021\/11\/v-martie-2018.pdf\">31 Martie 2018<\/a><br \/><a href=\"https:\/\/www.cjpmures.ro\/wp-content\/uploads\/2021\/11\/v-septembrie-2018.pdf\">30 Septembrie 2018<\/a><br \/><a href=\"https:\/\/www.cjpmures.ro\/wp-content\/uploads\/2020\/06\/venit-sept2019.pdf\">30 Septembrie 2019<\/a><br \/><a href=\"https:\/\/www.cjpmures.ro\/wp-content\/uploads\/2020\/06\/venit-mar2020.pdf\">31 Martie 2020<\/a><br \/><a href=\"https:\/\/www.cjpmures.ro\/wp-content\/uploads\/2021\/10\/venit-martie2021.pdf\">31 Martie 2021<\/a><br \/><a href=\"https:\/\/www.cjpmures.ro\/wp-content\/uploads\/2022\/02\/venit-sep2021.pdf\">30 Septembrie 2021<\/a><br \/><a href=\"https:\/\/www.cjpmures.ro\/wp-content\/uploads\/2022\/05\/venit_martie2022.pdf\">31 Martie 2022<\/a><br \/><a href=\"https:\/\/www.cjpmures.ro\/wp-content\/uploads\/2023\/01\/venit_septembrie2022.pdf\">30 Septembrie 2022<\/a><br \/><a href=\"https:\/\/www.cjpmures.ro\/wp-content\/uploads\/2023\/09\/venit_septembrie2023.pdf\">30 Septembrie 2023<\/a><br \/><a href=\"https:\/\/www.cjpmures.ro\/wp-content\/uploads\/2024\/03\/venit_martie2024.pdf\">31 Martie 2024<\/a><br \/><a href=\"https:\/\/www.cjpmures.ro\/wp-content\/uploads\/2024\/10\/venit_septembrie2024.pdf\">30 Septembrie 2024<\/a><br \/><a href=\"https:\/\/www.cjpmures.ro\/wp-content\/uploads\/2025\/03\/SALARII-MARTIE-2025.pdf\">31 Martie 2025<\/a><br \/><a href=\"https:\/\/www.cjpmures.ro\/wp-content\/uploads\/2025\/09\/transparenta-veniturilor-septembrie-2025.pdf\">30 Septembrie 2025<\/a><br \/><a href=\"https:\/\/www.cjpmures.ro\/wp-content\/uploads\/2026\/03\/transparenta-veniturilor-martie-2026.pdf\">31 Martie 2026<\/a><br \/><\/strong><\/p>\n\n\n<p><\/p>\n","protected":false},"excerpt":{"rendered":"<p>informa\u021bii de interes public Institu\u0163ia noastr\u0103 este organizat\u0103 \u015fi func\u0163ioneaz\u0103 ca serviciu public descentralizat \u00een subordinea Casei Na\u0163ionale de Pensii Publice &#8211; CNPP, fiind investit\u0103 ini\u0163ial cu personalitate juridic\u0103 \u00een baza prevederilor Legii nr. 19\/2000 privind sistemul public de pensii &hellip; <a href=\"https:\/\/www.cjpmures.ro\/?page_id=103\">Continue reading <span class=\"meta-nav\">&rarr;<\/span><\/a><\/p>\n","protected":false},"author":1,"featured_media":0,"parent":0,"menu_order":0,"comment_status":"closed","ping_status":"closed","template":"showcase.php","meta":{"footnotes":""},"class_list":["post-103","page","type-page","status-publish","hentry"],"_links":{"self":[{"href":"https:\/\/www.cjpmures.ro\/index.php?rest_route=\/wp\/v2\/pages\/103","targetHints":{"allow":["GET"]}}],"collection":[{"href":"https:\/\/www.cjpmures.ro\/index.php?rest_route=\/wp\/v2\/pages"}],"about":[{"href":"https:\/\/www.cjpmures.ro\/index.php?rest_route=\/wp\/v2\/types\/page"}],"author":[{"embeddable":true,"href":"https:\/\/www.cjpmures.ro\/index.php?rest_route=\/wp\/v2\/users\/1"}],"replies":[{"embeddable":true,"href":"https:\/\/www.cjpmures.ro\/index.php?rest_route=%2Fwp%2Fv2%2Fcomments&post=103"}],"version-history":[{"count":98,"href":"https:\/\/www.cjpmures.ro\/index.php?rest_route=\/wp\/v2\/pages\/103\/revisions"}],"predecessor-version":[{"id":4648,"href":"https:\/\/www.cjpmures.ro\/index.php?rest_route=\/wp\/v2\/pages\/103\/revisions\/4648"}],"wp:attachment":[{"href":"https:\/\/www.cjpmures.ro\/index.php?rest_route=%2Fwp%2Fv2%2Fmedia&parent=103"}],"curies":[{"name":"wp","href":"https:\/\/api.w.org\/{rel}","templated":true}]}}